{"id":5035,"date":"2018-09-21T12:02:51","date_gmt":"2018-09-21T10:02:51","guid":{"rendered":"http:\/\/www.leasia.fr\/?page_id=5035"},"modified":"2018-10-29T16:31:46","modified_gmt":"2018-10-29T15:31:46","slug":"je-suis-partenaire","status":"publish","type":"page","link":"https:\/\/leasia.fr\/?page_id=5035","title":{"rendered":"Je souhaite devenir partenaire"},"content":{"rendered":"<p>[vc_row][vc_column width=\u00a0\u00bb1\/6&Prime;][\/vc_column][vc_column width=\u00a0\u00bb2\/3&Prime;][vc_column_text]<\/p>\n<p style=\"text-align: center;\"><strong><span style=\"font-size: 24pt;\">Je souhaite devenir partenaire<\/span><\/strong><\/p>\n<p>[\/vc_column_text][vc_separator color=\u00a0\u00bborange\u00a0\u00bb style=\u00a0\u00bbshadow\u00a0\u00bb el_width=\u00a0\u00bb30&Prime;][\/vc_column][vc_column width=\u00a0\u00bb1\/6&Prime;][\/vc_column][\/vc_row][vc_row][vc_column width=\u00a0\u00bb1\/6&Prime;][\/vc_column][vc_column width=\u00a0\u00bb2\/3&Prime;][vc_empty_space][vc_column_text]<\/p>\n<p data-ccp-props=\"{&quot;335551550&quot;:6,&quot;335551620&quot;:6,&quot;335559683&quot;:0,&quot;335559685&quot;:0,&quot;335559731&quot;:0,&quot;335559737&quot;:0,&quot;335562764&quot;:2,&quot;335562765&quot;:1,&quot;335562766&quot;:4,&quot;335562767&quot;:0,&quot;335562768&quot;:4,&quot;335562769&quot;:0}\"><span style=\"font-size: 18pt;\">Vous \u00eates distributeur, fabricant ou revendeur ?<\/span><\/p>\n<p data-ccp-props=\"{&quot;335551550&quot;:6,&quot;335551620&quot;:6,&quot;335559683&quot;:0,&quot;335559685&quot;:0,&quot;335559731&quot;:0,&quot;335559737&quot;:0,&quot;335562764&quot;:2,&quot;335562765&quot;:1,&quot;335562766&quot;:4,&quot;335562767&quot;:0,&quot;335562768&quot;:4,&quot;335562769&quot;:0}\"><span style=\"font-size: 18pt;\">Leasia vous propose de venir partenaire Leasia et de b\u00e9n\u00e9ficier des services associ\u00e9s (application d\u00e9di\u00e9e, \u00e9tude de financement instantan\u00e9e, etc.).<\/span><\/p>\n<p data-ccp-props=\"{&quot;335551550&quot;:6,&quot;335551620&quot;:6,&quot;335559683&quot;:0,&quot;335559685&quot;:0,&quot;335559731&quot;:0,&quot;335559737&quot;:0,&quot;335562764&quot;:2,&quot;335562765&quot;:1,&quot;335562766&quot;:4,&quot;335562767&quot;:0,&quot;335562768&quot;:4,&quot;335562769&quot;:0}\"><span style=\"font-size: 18pt;\">Leasia a mis en place <a href=\"http:\/\/www.leasia.fr\/?page_id=4830\">un espace en ligne<\/a> qui vous est compl\u00e8tement d\u00e9di\u00e9.\u200b<\/span><\/p>\n<p data-ccp-props=\"{&quot;335551550&quot;:6,&quot;335551620&quot;:6,&quot;335559683&quot;:0,&quot;335559685&quot;:0,&quot;335559731&quot;:0,&quot;335559737&quot;:0,&quot;335562764&quot;:2,&quot;335562765&quot;:1,&quot;335562766&quot;:4,&quot;335562767&quot;:0,&quot;335562768&quot;:4,&quot;335562769&quot;:0}\"><span style=\"font-size: 18pt;\">Pour vous identifier, nous vous invitons \u00e0 nous contacter afin de vous transmettre vos identifiants.<\/span><\/p>\n<p>[\/vc_column_text][vc_empty_space][vc_btn title=\u00a0\u00bbNous contacter\u00a0\u00bb style=\u00a0\u00bb3d\u00a0\u00bb color=\u00a0\u00bbwarning\u00a0\u00bb align=\u00a0\u00bbcenter\u00a0\u00bb button_block=\u00a0\u00bbtrue\u00a0\u00bb link=\u00a0\u00bburl:http%3A%2F%2Fwww.leasia.fr%2F%3Fpage_id%3D5025|title:Nous%20contacter||\u00a0\u00bb][vc_empty_space][\/vc_column][vc_column width=\u00a0\u00bb1\/6&Prime;][\/vc_column][\/vc_row]<\/p>\n","protected":false},"excerpt":{"rendered":"<p>[vc_row][vc_column width=\u00a0\u00bb1\/6&Prime;][\/vc_column][vc_column width=\u00a0\u00bb2\/3&Prime;][vc_column_text] Je souhaite devenir partenaire [\/vc_column_text][vc_separator color=\u00a0\u00bborange\u00a0\u00bb style=\u00a0\u00bbshadow\u00a0\u00bb el_width=\u00a0\u00bb30&Prime;][\/vc_column][vc_column width=\u00a0\u00bb1\/6&Prime;][\/vc_column][\/vc_row][vc_row][vc_column width=\u00a0\u00bb1\/6&Prime;][\/vc_column][vc_column width=\u00a0\u00bb2\/3&Prime;][vc_empty_space][vc_column_text] Vous \u00eates distributeur, fabricant ou revendeur ? Leasia vous propose de venir partenaire Leasia et de b\u00e9n\u00e9ficier des services associ\u00e9s (application d\u00e9di\u00e9e, \u00e9tude de financement instantan\u00e9e, etc.). Leasia a mis en place un espace en ligne qui vous est compl\u00e8tement d\u00e9di\u00e9.\u200b [&hellip;]<\/p>\n","protected":false},"author":1,"featured_media":0,"parent":0,"menu_order":0,"comment_status":"closed","ping_status":"closed","template":"","meta":{"jetpack_post_was_ever_published":false,"footnotes":""},"class_list":["post-5035","page","type-page","status-publish","hentry"],"yoast_head":"<!-- This site is optimized with the Yoast SEO plugin v27.1.1 - https:\/\/yoast.com\/product\/yoast-seo-wordpress\/ -->\n<title>Partenaire Leasia - Acc\u00e9dez \u00e0 votre application personnalis\u00e9e<\/title>\n<meta name=\"description\" content=\"Et si vous deveniez un partenaire Leasia ? Notre application personnalis\u00e9e vous permettra de proposer des offres de financement en quelques clics.\" \/>\n<meta name=\"robots\" content=\"index, follow, max-snippet:-1, max-image-preview:large, max-video-preview:-1\" \/>\n<link rel=\"canonical\" href=\"https:\/\/leasia.fr\/?page_id=5035\" \/>\n<meta property=\"og:locale\" content=\"fr_FR\" \/>\n<meta property=\"og:type\" content=\"article\" \/>\n<meta property=\"og:title\" content=\"Partenaire Leasia - Acc\u00e9dez \u00e0 votre application personnalis\u00e9e\" \/>\n<meta property=\"og:description\" content=\"Et si vous deveniez un partenaire Leasia ? Notre application personnalis\u00e9e vous permettra de proposer des offres de financement en quelques clics.\" \/>\n<meta property=\"og:url\" content=\"https:\/\/leasia.fr\/?page_id=5035\" \/>\n<meta property=\"og:site_name\" content=\"Leasia\" \/>\n<meta property=\"article:publisher\" content=\"https:\/\/www.facebook.com\/LeasiaSAS\/\" \/>\n<meta property=\"article:modified_time\" content=\"2018-10-29T15:31:46+00:00\" \/>\n<meta name=\"twitter:card\" content=\"summary_large_image\" \/>\n<meta name=\"twitter:label1\" content=\"Dur\u00e9e de lecture estim\u00e9e\" \/>\n\t<meta name=\"twitter:data1\" content=\"1 minute\" \/>\n<script type=\"application\/ld+json\" class=\"yoast-schema-graph\">{\"@context\":\"https:\/\/schema.org\",\"@graph\":[{\"@type\":\"WebPage\",\"@id\":\"https:\/\/leasia.fr\/?page_id=5035\",\"url\":\"https:\/\/leasia.fr\/?page_id=5035\",\"name\":\"Partenaire Leasia - Acc\u00e9dez \u00e0 votre application personnalis\u00e9e\",\"isPartOf\":{\"@id\":\"https:\/\/leasia.fr\/#website\"},\"datePublished\":\"2018-09-21T10:02:51+00:00\",\"dateModified\":\"2018-10-29T15:31:46+00:00\",\"description\":\"Et si vous deveniez un partenaire Leasia ? Notre application personnalis\u00e9e vous permettra de proposer des offres de financement en quelques clics.\",\"inLanguage\":\"fr-FR\",\"potentialAction\":[{\"@type\":\"ReadAction\",\"target\":[\"https:\/\/leasia.fr\/?page_id=5035\"]}]},{\"@type\":\"WebSite\",\"@id\":\"https:\/\/leasia.fr\/#website\",\"url\":\"https:\/\/leasia.fr\/\",\"name\":\"Leasia\",\"description\":\"Votre partenaire financier\",\"publisher\":{\"@id\":\"https:\/\/leasia.fr\/#organization\"},\"potentialAction\":[{\"@type\":\"SearchAction\",\"target\":{\"@type\":\"EntryPoint\",\"urlTemplate\":\"https:\/\/leasia.fr\/?s={search_term_string}\"},\"query-input\":{\"@type\":\"PropertyValueSpecification\",\"valueRequired\":true,\"valueName\":\"search_term_string\"}}],\"inLanguage\":\"fr-FR\"},{\"@type\":\"Organization\",\"@id\":\"https:\/\/leasia.fr\/#organization\",\"name\":\"Leasia\",\"url\":\"https:\/\/leasia.fr\/\",\"logo\":{\"@type\":\"ImageObject\",\"inLanguage\":\"fr-FR\",\"@id\":\"https:\/\/leasia.fr\/#\/schema\/logo\/image\/\",\"url\":\"https:\/\/i0.wp.com\/leasia.fr\/wp-content\/uploads\/2023\/01\/image005.jpg?fit=45%2C45&ssl=1\",\"contentUrl\":\"https:\/\/i0.wp.com\/leasia.fr\/wp-content\/uploads\/2023\/01\/image005.jpg?fit=45%2C45&ssl=1\",\"width\":45,\"height\":45,\"caption\":\"Leasia\"},\"image\":{\"@id\":\"https:\/\/leasia.fr\/#\/schema\/logo\/image\/\"},\"sameAs\":[\"https:\/\/www.facebook.com\/LeasiaSAS\/\",\"https:\/\/www.linkedin.com\/company\/leasia\/?originalSubdomain=fr\"]}]}<\/script>\n<!-- \/ Yoast SEO plugin. -->","yoast_head_json":{"title":"Partenaire Leasia - Acc\u00e9dez \u00e0 votre application personnalis\u00e9e","description":"Et si vous deveniez un partenaire Leasia ? Notre application personnalis\u00e9e vous permettra de proposer des offres de financement en quelques clics.","robots":{"index":"index","follow":"follow","max-snippet":"max-snippet:-1","max-image-preview":"max-image-preview:large","max-video-preview":"max-video-preview:-1"},"canonical":"https:\/\/leasia.fr\/?page_id=5035","og_locale":"fr_FR","og_type":"article","og_title":"Partenaire Leasia - Acc\u00e9dez \u00e0 votre application personnalis\u00e9e","og_description":"Et si vous deveniez un partenaire Leasia ? Notre application personnalis\u00e9e vous permettra de proposer des offres de financement en quelques clics.","og_url":"https:\/\/leasia.fr\/?page_id=5035","og_site_name":"Leasia","article_publisher":"https:\/\/www.facebook.com\/LeasiaSAS\/","article_modified_time":"2018-10-29T15:31:46+00:00","twitter_card":"summary_large_image","twitter_misc":{"Dur\u00e9e de lecture estim\u00e9e":"1 minute"},"schema":{"@context":"https:\/\/schema.org","@graph":[{"@type":"WebPage","@id":"https:\/\/leasia.fr\/?page_id=5035","url":"https:\/\/leasia.fr\/?page_id=5035","name":"Partenaire Leasia - Acc\u00e9dez \u00e0 votre application personnalis\u00e9e","isPartOf":{"@id":"https:\/\/leasia.fr\/#website"},"datePublished":"2018-09-21T10:02:51+00:00","dateModified":"2018-10-29T15:31:46+00:00","description":"Et si vous deveniez un partenaire Leasia ? Notre application personnalis\u00e9e vous permettra de proposer des offres de financement en quelques clics.","inLanguage":"fr-FR","potentialAction":[{"@type":"ReadAction","target":["https:\/\/leasia.fr\/?page_id=5035"]}]},{"@type":"WebSite","@id":"https:\/\/leasia.fr\/#website","url":"https:\/\/leasia.fr\/","name":"Leasia","description":"Votre partenaire financier","publisher":{"@id":"https:\/\/leasia.fr\/#organization"},"potentialAction":[{"@type":"SearchAction","target":{"@type":"EntryPoint","urlTemplate":"https:\/\/leasia.fr\/?s={search_term_string}"},"query-input":{"@type":"PropertyValueSpecification","valueRequired":true,"valueName":"search_term_string"}}],"inLanguage":"fr-FR"},{"@type":"Organization","@id":"https:\/\/leasia.fr\/#organization","name":"Leasia","url":"https:\/\/leasia.fr\/","logo":{"@type":"ImageObject","inLanguage":"fr-FR","@id":"https:\/\/leasia.fr\/#\/schema\/logo\/image\/","url":"https:\/\/i0.wp.com\/leasia.fr\/wp-content\/uploads\/2023\/01\/image005.jpg?fit=45%2C45&ssl=1","contentUrl":"https:\/\/i0.wp.com\/leasia.fr\/wp-content\/uploads\/2023\/01\/image005.jpg?fit=45%2C45&ssl=1","width":45,"height":45,"caption":"Leasia"},"image":{"@id":"https:\/\/leasia.fr\/#\/schema\/logo\/image\/"},"sameAs":["https:\/\/www.facebook.com\/LeasiaSAS\/","https:\/\/www.linkedin.com\/company\/leasia\/?originalSubdomain=fr"]}]}},"jetpack_shortlink":"https:\/\/wp.me\/P9IR2y-1jd","jetpack_sharing_enabled":true,"_links":{"self":[{"href":"https:\/\/leasia.fr\/index.php?rest_route=\/wp\/v2\/pages\/5035","targetHints":{"allow":["GET"]}}],"collection":[{"href":"https:\/\/leasia.fr\/index.php?rest_route=\/wp\/v2\/pages"}],"about":[{"href":"https:\/\/leasia.fr\/index.php?rest_route=\/wp\/v2\/types\/page"}],"author":[{"embeddable":true,"href":"https:\/\/leasia.fr\/index.php?rest_route=\/wp\/v2\/users\/1"}],"replies":[{"embeddable":true,"href":"https:\/\/leasia.fr\/index.php?rest_route=%2Fwp%2Fv2%2Fcomments&post=5035"}],"version-history":[{"count":11,"href":"https:\/\/leasia.fr\/index.php?rest_route=\/wp\/v2\/pages\/5035\/revisions"}],"predecessor-version":[{"id":5421,"href":"https:\/\/leasia.fr\/index.php?rest_route=\/wp\/v2\/pages\/5035\/revisions\/5421"}],"wp:attachment":[{"href":"https:\/\/leasia.fr\/index.php?rest_route=%2Fwp%2Fv2%2Fmedia&parent=5035"}],"curies":[{"name":"wp","href":"https:\/\/api.w.org\/{rel}","templated":true}]}}