{"id":53,"date":"2015-03-24T15:05:20","date_gmt":"2015-03-24T14:05:20","guid":{"rendered":"http:\/\/localhost\/wordpress\/?page_id=53"},"modified":"2018-10-31T17:16:35","modified_gmt":"2018-10-31T16:16:35","slug":"mentions-legales","status":"publish","type":"page","link":"https:\/\/leasia.fr\/?page_id=53","title":{"rendered":"Mentions l\u00e9gales"},"content":{"rendered":"<p style=\"text-align: center;\"><span style=\"font-size: 18pt;\">MENTIONS L\u00c9GALES<\/span><\/p>\n<p><strong class=\"mention_gras\">Copyright<\/strong><\/p>\n<p>L\u2019ensemble des \u00e9l\u00e9ments (textes, \u00e9l\u00e9ments graphiques) du site de Leasia est copyright\u00a9 Leasia. Le site est prot\u00e9g\u00e9 par les lois r\u00e9gissant la propri\u00e9t\u00e9 intellectuelle. Il est strictement interdit de le reproduire, dans sa forme ou son contenu, totalement ou partiellement, sans un accord \u00e9crit de son auteur.<\/p>\n<p><strong class=\"mention_gras\">Dispositions l\u00e9gales<\/strong><\/p>\n<p>Le site leasia.fr est la propri\u00e9t\u00e9 de Leasia.<\/p>\n<p>Leasia<br \/>\nT\u00e9l\u00a0: 01.46.67.88.93<br \/>\nFax : 01.46.67.88.89<\/p>\n<p>Raison sociale : Leasia<br \/>\nForme juridique : SAS<br \/>\nNom \/ Fonction du responsable :<br \/>\nPatrice de Poix \/\u00a0Pr\u00e9sident<\/p>\n<p><strong class=\"mention_gras\">D\u00e9claration CNIL<\/strong><\/p>\n<p>Conform\u00e9ment \u00e0 la Loi 78-17 du 06\/01\/1978 relative \u00e0 l\u2019informatique, aux fichiers et aux libert\u00e9s, le pr\u00e9sent site a fait l\u2019objet d\u2019une d\u00e9claration \u00e0 la CNIL.<br \/>\nConform\u00e9ment \u00e0 la Loi Informatique et Libert\u00e9s du 6 janvier 1978, vous disposez \u00e0 tout moment d\u2019un droit d\u2019acc\u00e8s, de rectification et de suppression des donn\u00e9es personnelles vous concernant. Si vous souhaitez exercer ce droit, il vous suffit soit de nous \u00e9crire, soit d\u2019en faire la demande via, entre autres, notre e-mail info@leasia.fr<\/p>\n<p><strong class=\"mention_gras\">Formulaires<\/strong><\/p>\n<p>Les donn\u00e9es saisies sur les formulaires du site Leasia demeurent confidentielles au sein de Leasia.<\/p>\n<p>Conform\u00e9ment aux recommandations de la CNIL les informations collect\u00e9es ne sont conserv\u00e9es que pour une dur\u00e9e de 1 an. Certaines informations peuvent toutefois \u00eatre conserv\u00e9es pour une dur\u00e9e sup\u00e9rieure sauf avis contraire de l\u2019auteur des donn\u00e9es le concernant.<\/p>\n<p>Vous disposez d\u2019un droit d\u2019acc\u00e8s, de modification, de rectification et de suppression des donn\u00e9es qui vous concernent (art. 34 de la loi \u00ab\u00a0Informatique et Libert\u00e9s\u00a0\u00bb). Pour l\u2019exercer, contactez nous par e-mail \u00e0 info@leasia.fr<\/p>\n<p><strong class=\"mention_gras\">Informations<\/strong><\/p>\n<p><strong>L\u2019\u00e9diteur<\/strong><br \/>\nL\u2019\u00e9dition d\u2019informations en ligne ob\u00e9it aux m\u00eames r\u00e8gles l\u00e9gales que l\u2019\u00e9dition traditionnelle. Le contenu du site est donc r\u00e9gi par la Loi qui conf\u00e8re au lecteur divers droits et devoirs. L\u2019\u00e9diteur du site s\u2019engage \u00e0 respecter scrupuleusement les r\u00e8gles \u00e9ditoriales en vigueur:<\/p>\n<ul class=\"position-margin\">\n<li>Disposer du droit de diffuser sur son site le contenu propos\u00e9.<\/li>\n<li>Faire tout son possible pour v\u00e9rifier la validit\u00e9 des informations port\u00e9es \u00e0 la connaissance du public.<\/li>\n<li>Autoriser le lecteur \u00e0 imprimer tout ou partie du contenu propos\u00e9 sur le site pour son usage strictement personnel.<\/li>\n<\/ul>\n<p><strong>L\u2019utilisateur<\/strong><br \/>\nL\u2019utilisateur du site s\u2019engage pour sa part \u00e0 respecter les r\u00e8gles de propri\u00e9t\u00e9 intellectuelle des divers contenus propos\u00e9s sur le site c\u2019est-\u00e0-dire \u00a0:<\/p>\n<ul class=\"position-margin\">\n<li>A\u00a0ne pas reproduire, r\u00e9sumer, modifier, alt\u00e9rer ou rediffuser, sans autorisation pr\u00e9alable de l\u2019\u00e9diteur, quelque article, titre, application, logiciel, logo, marque, information ou illustration, pour un usage autre que strictement priv\u00e9, ce qui exclut toute reproduction \u00e0 des fins professionnelles ou de diffusion en nombre.<\/li>\n<li>A\u00a0ne pas recopier tout ou partie du site sur un autre site ou un r\u00e9seau interne d\u2019entreprise.<\/li>\n<li>La\u00a0violation de ces dispositions imp\u00e9ratives soumet le contrevenant, et toutes personnes responsables, aux peines p\u00e9nales et civiles pr\u00e9vues par la loi.<\/li>\n<\/ul>\n<p>&nbsp;<\/p>\n<div class=\"s-block-item s-repeatable-item s-block-sortable-item rich-text\">\n<div>\n<div>\n<div class=\"s-block-item-inner clearfix\">\n<div class=\" columns sixteen\">\n<div class=\"s-component s-text\">\n<div class=\"s-component-content s-font-body\">\n<p><span class=\"s-text-color-blue\">LEASIA<\/span>\u00a0inscrite au registre du commerce et des soci\u00e9t\u00e9s de\u00a0<span class=\"s-text-color-blue\">Paris<\/span>\u00a0sous le num\u00e9ro 791240641, est le responsable du traitement des donn\u00e9es collect\u00e9es sur le Site de\u00a0<span class=\"s-text-color-blue\">LEASIA.<\/span><\/p>\n<p>L\u2019utilisateur est notamment inform\u00e9 que conform\u00e9ment \u00e0 l\u2019article 32 de la loi Informatique et libert\u00e9s du 6 janvier 1978 modifi\u00e9e, les informations qu\u2019il communique par les formulaires pr\u00e9sents sur le Site de\u00a0<span class=\"s-text-color-blue\">LEASIA<\/span>\u00a0sont n\u00e9cessaires pour r\u00e9pondre \u00e0 sa demande et sont destin\u00e9es aux services en charge de r\u00e9pondre \u00e0 sa demande \u00e0 des fins de suivi de cette demande.<\/p>\n<p>Conform\u00e9ment aux dispositions des articles 39 et 40 de la loi \u00ab Informatique et Libert\u00e9s \u00bb du 6 janvier 1978 modifi\u00e9e en 2004, l\u2019utilisateur b\u00e9n\u00e9ficie d\u2019un droit d\u2019acc\u00e8s, de rectification, de mise \u00e0 jour et d\u2019effacement des informations qui le concernent, qu\u2019il peut exercer en s\u2019adressant \u00e0 info@leasia.fr, ou par courrier \u00e0\u00a0<span class=\"s-text-color-blue\">LEASIA<\/span>, 3bis Chemin de la Jonch\u00e8re<span class=\"s-text-color-blue\">, 92500 Rueil-Malmaison<\/span>, en pr\u00e9cisant dans l\u2019objet du courrier \u00ab Droit des personnes \u00bb et en joignant la copie de son justificatif d\u2019identit\u00e9.<\/p>\n<p>&nbsp;<\/p>\n<p>Vous b\u00e9n\u00e9ficiez \u00e9galement du droit de donner des directives sur le sort de vos donn\u00e9es apr\u00e8s votre d\u00e9c\u00e8s.<\/p>\n<p>Conform\u00e9ment aux dispositions de l\u2019article 38 de la loi \u00ab Informatique et Libert\u00e9s \u00bb du 6 janvier 1978 modifi\u00e9e en 2004, l\u2019utilisateur peut \u00e9galement s\u2019opposer, pour des motifs l\u00e9gitimes \u00e0 ce que ses donn\u00e9es fassent l\u2019objet d\u2019un traitement et sans motif et sans frais, \u00e0 ce que ses donn\u00e9es soient utilis\u00e9es \u00e0 des fins de prospection commerciale.<\/p>\n<p>&nbsp;<\/p>\n<p>L\u2019utilisateur est inform\u00e9 que lors de ses visites sur le Site\u00a0<span class=\"s-text-color-blue\">www.leasia.fr<\/span>, un cookie peut s\u2019installer automatiquement sur son logiciel de navigation.<\/p>\n<p>Les informations recueillies sur ce site seront conserv\u00e9es pendant une dur\u00e9e de trois ans.<\/p>\n<p>Le cookie est un bloc de donn\u00e9es qui ne permet pas d\u2019identifier les utilisateurs mais sert \u00e0 enregistrer des informations relatives \u00e0 la navigation de celui-ci sur le site. Le param\u00e9trage du logiciel de navigation permet d\u2019informer de la pr\u00e9sence de cookie et \u00e9ventuellement, de la refuser de la mani\u00e8re d\u00e9crite \u00e0 l\u2019adresse suivante www.cnil.fr.<\/p>\n<p>L\u2019utilisateur dispose d\u2019un droit d\u2019acc\u00e8s, de retrait et de modification des donn\u00e9es \u00e0 caract\u00e8re personnel communiqu\u00e9es par le biais des cookies dans les conditions indiqu\u00e9es ci-dessus.<\/p>\n<p>L\u2019utilisateur du Site de LEASIA\u00a0est tenu de respecter les dispositions de la loi Informatique et libert\u00e9s du 6 janvier 1978 modifi\u00e9e dont la violation est passible de sanctions p\u00e9nales. Il doit notamment s\u2019abstenir, s\u2019agissant des informations nominatives auxquelles il acc\u00e8de, de toute collecte, de toute utilisation d\u00e9tourn\u00e9e, et d\u2019une mani\u00e8re g\u00e9n\u00e9rale, de tout acte susceptible de porter atteinte \u00e0 la vie priv\u00e9e ou \u00e0 la r\u00e9putation des personnes.<\/p>\n<\/div>\n<\/div>\n<\/div>\n<\/div>\n<\/div>\n<\/div>\n<\/div>\n<div class=\"s-block-item s-repeatable-item s-block-sortable-item rich-text s-last-row\">\n<div>\n<div>\n<div class=\"s-block-item-inner clearfix\">\n<div class=\" columns sixteen\">\n<div class=\"s-component s-text s-animation-page-slide_in\">\n<div class=\"s-component-content s-font-body\">\n<p>Nous prenons votre vie priv\u00e9e tr\u00e8s au s\u00e9rieux !<\/p>\n<p>Merci d\u2019utiliser nos sites Web et nos services ! Comme vous, nous croyons que l\u2019int\u00e9grit\u00e9 personnelle est importante et nous prenons votre vie priv\u00e9e au s\u00e9rieux. Cette charte de confidentialit\u00e9 est pertinente pour toute personne physique partageant ses donn\u00e9es personnelles directement ou indirectement avec LEASIA.<\/p>\n<p><span class=\"s-text-color-blue\">LEASIA<\/span>\u00a0est une soci\u00e9t\u00e9 \u00e9tablie en\u00a0<span class=\"s-text-color-blue\">France<\/span>\u00a0et, en tant que telle, nous adh\u00e9rons \u00e0 la l\u00e9gislation\u00a0<span class=\"s-text-color-blue\">fran\u00e7aise<\/span>\u00a0sur la protection des informations personnelles (1998: 204) qui applique la Directive sur la protection des donn\u00e9es europ\u00e9ennes 95\/46\/EC.<\/p>\n<p>Notre si\u00e8ge social est situ\u00e9 au 3 bis Chemin de la Jonch\u00e8re<span class=\"s-text-color-blue\">, Rueil-Malmaison, 92500<\/span>. N\u2019h\u00e9sitez pas \u00e0 nous faire part de vos questions ou pr\u00e9occupations en mati\u00e8re de protection des donn\u00e9es, \u00e0 l\u2019adresse suivante : info@leasia.fr.<\/p>\n<p>Dans cette charte de confidentialit\u00e9, nous expliquons quels types de donn\u00e9es personnelles sont susceptible d\u2019\u00eatre trait\u00e9 et dans quelle finalit\u00e9. Nous expliquons \u00e9galement les choix que vous avez par rapport \u00e0 notre traitement et la fa\u00e7on dont vous pouvez en apprendre davantage sur notre traitement et sur vos droits.<\/p>\n<p>&nbsp;<\/p>\n<p>PORT\u00c9E DE LA CHARTE DE CONFIDENTIALIT\u00c9<br \/>\nVeuillez noter que cette charte de confidentialit\u00e9 concerne le traitement des donn\u00e9es personnelles dont\u00a0<span class=\"s-text-color-blue\">LEASIA<\/span>\u00a0est le Responsable de Traitement, c\u2019est-\u00e0-dire dans les cas o\u00f9\u00a0<span class=\"s-text-color-blue\">LEASIA<\/span>\u00a0a d\u00e9cid\u00e9 des finalit\u00e9s et des moyens de traitement.<\/p>\n<p>Pour \u00e9viter toute ambigu\u00eft\u00e9, cette Charte de confidentialit\u00e9 ne concerne aucun traitement de donn\u00e9es personnelles que\u00a0<span class=\"s-text-color-blue\">LEASIA<\/span>\u00a0peut effectuer en tant que Sous-Traitant d\u00e9coulant de votre utilisation de nos services.<\/p>\n<p>Pour obtenir plus d\u2019informations sur la fa\u00e7on dont nos services, peuvent \u00eatre utilis\u00e9s pour faciliter vos traitements de donn\u00e9es personnelles, et sur les responsabilit\u00e9s et les engagements de LEASIA\u00a0en relation avec ceux-ci, veuillez vous r\u00e9f\u00e9rer aux conditions applicables.<\/p>\n<p>&nbsp;<\/p>\n<p>DONN\u00c9ES PERSONNELLES TRAIT\u00c9ES<br \/>\nLes donn\u00e9es personnelles d\u00e9signent les donn\u00e9es qui vous identifient en tant que personne physique. Nous pouvons \u00eatre amen\u00e9 \u00e0 traiter les types de donn\u00e9es personnelles suivants vous concernant :<\/p>\n<ul>\n<li>Vos coordonn\u00e9es incluant votre nom, l\u2019adresse courriel et le num\u00e9ro de t\u00e9l\u00e9phone<\/li>\n<li>Informations utilisateur, par exemple, si vous vous connectez \u00e0 notre service ou visitez nos sites internet. Ces informations peuvent comprendre le num\u00e9ro IP, le type de p\u00e9riph\u00e9rique et le navigateur, fuseau horaire, situation g\u00e9ographique, ainsi que vos int\u00e9r\u00eat et pr\u00e9f\u00e9rences des informations sur la fa\u00e7on dont vous interagissez avec nos services, par exemple sur les fonctionnalit\u00e9s utilis\u00e9es et les boutons cliqu\u00e9s<\/li>\n<li>Autres informations que nous recevons \u00e0 travers vos contacts<\/li>\n<\/ul>\n<p>FINALIT\u00c9S DE TRAITEMENT<br \/>\nNous traitons vos donn\u00e9es personnelles pour les finalit\u00e9s suivantes :<\/p>\n<ul>\n<li>Fournir nos services conform\u00e9ment aux conditions applicables<\/li>\n<li>Administrer la relation d\u2019affaires avec vous et le client de\u00a0<span class=\"s-text-color-blue\">LEASIA<\/span>\u00a0que vous repr\u00e9sentez<\/li>\n<li>D\u00e9velopper et am\u00e9liorer nos services<\/li>\n<li>Afin de fournir des informations et des offres aux clients de LEASIA\u00a0actuels ou potentiels sur nos services par des parties tiers s\u00e9lectionn\u00e9s. Pour \u00e9viter toute ambigu\u00eft\u00e9, tout mat\u00e9riel de marketing distribu\u00e9 \u00e0 l\u2019aide de vos donn\u00e9es personnelles vous est envoy\u00e9 en tant que repr\u00e9sentant de client actuel ou potentiel de <b>LEASIA\u00a0<\/b>et non \u00e0 vous en tant que personne priv\u00e9e.<\/li>\n<\/ul>\n<p>PARTAGE AVEC DES TIERS ET TRANSFERT VERS LES PAYS TIERS<br \/>\nNous pouvons partager des donn\u00e9es personnelles avec des tiers aux fins expliqu\u00e9es ci-dessus. Pour \u00e9viter tout doute, nous ne partagerons pas de donn\u00e9es personnelles avec des tiers de mani\u00e8re \u00e0 ce que ces tiers utilisent des donn\u00e9es personnelles \u00e0 des fins de marketing direct en relation avec vous en tant que particulier, mais uniquement avec vous en tant que repr\u00e9sentant de client actuel ou potentiel de LEASIA\u00a0.<\/p>\n<p>Nous pouvons transf\u00e9rer des donn\u00e9es personnelles dans un pays en dehors de l\u2019EEE, mais nous devrons alors tout d\u2019abord obtenir votre consentement ou veiller \u00e0 ce que le transfert soit l\u00e9gal et s\u00e9curitaire en prenant d\u2019autres dispositions.<\/p>\n<p>Comme expliqu\u00e9 ci-dessus, n\u2019oubliez pas que cette charte de confidentialit\u00e9 ne concerne aucun traitement de donn\u00e9es pour lequel vous pourriez \u00eatre responsable \u00e0 la suite de l\u2019utilisation de nos services. Vous, ou la partie que vous repr\u00e9sentez, \u00eates toujours responsables de votre traitement des donn\u00e9es personnelles conform\u00e9ment \u00e0 la loi en vigueur.<\/p>\n<p>&nbsp;<\/p>\n<p>VOS DROITS<br \/>\nIl est de notre obligation de traiter des \u00e9l\u00e9ments personnels pr\u00e9cis, pertinents et n\u00e9cessaires tout en tenant compte de nos finalit\u00e9s l\u00e9gitimes. Il est de votre droit de nous contr\u00f4ler.<br \/>\nPour mettre \u00e0 jour les donn\u00e9es personnelles que nous traitons vous concernant, veuillez nous contacter sur info@leasia.com. Pour recevoir gratuitement un extrait de donn\u00e9es personnelles que nous traitons vous concernant, envoyez-nous une lettre sign\u00e9e \u00e0\u00a0<span class=\"s-text-color-blue\">l&rsquo;adresse de<\/span>\u00a0LEASIA\u00a0.<\/p>\n<\/div>\n<\/div>\n<\/div>\n<\/div>\n<\/div>\n<\/div>\n<\/div>\n","protected":false},"excerpt":{"rendered":"<p>MENTIONS L\u00c9GALES Copyright L\u2019ensemble des \u00e9l\u00e9ments (textes, \u00e9l\u00e9ments graphiques) du site de Leasia est copyright\u00a9 Leasia. Le site est prot\u00e9g\u00e9 par les lois r\u00e9gissant la propri\u00e9t\u00e9 intellectuelle. Il est strictement interdit de le reproduire, dans sa forme ou son contenu, totalement ou partiellement, sans un accord \u00e9crit de son auteur. Dispositions l\u00e9gales Le site leasia.fr [&hellip;]<\/p>\n","protected":false},"author":1,"featured_media":0,"parent":0,"menu_order":0,"comment_status":"closed","ping_status":"closed","template":"","meta":{"jetpack_post_was_ever_published":false,"footnotes":""},"class_list":["post-53","page","type-page","status-publish","hentry"],"yoast_head":"<!-- This site is optimized with the Yoast SEO plugin v27.4 - https:\/\/yoast.com\/product\/yoast-seo-wordpress\/ -->\n<title>Mentions l\u00e9gales - Leasia<\/title>\n<meta name=\"robots\" content=\"index, follow, max-snippet:-1, max-image-preview:large, max-video-preview:-1\" \/>\n<link rel=\"canonical\" href=\"https:\/\/leasia.fr\/?page_id=53\" \/>\n<meta property=\"og:locale\" content=\"fr_FR\" \/>\n<meta property=\"og:type\" content=\"article\" \/>\n<meta property=\"og:title\" content=\"Mentions l\u00e9gales - Leasia\" \/>\n<meta property=\"og:description\" content=\"MENTIONS L\u00c9GALES Copyright L\u2019ensemble des \u00e9l\u00e9ments (textes, \u00e9l\u00e9ments graphiques) du site de Leasia est copyright\u00a9 Leasia. Le site est prot\u00e9g\u00e9 par les lois r\u00e9gissant la propri\u00e9t\u00e9 intellectuelle. Il est strictement interdit de le reproduire, dans sa forme ou son contenu, totalement ou partiellement, sans un accord \u00e9crit de son auteur. Dispositions l\u00e9gales Le site leasia.fr [&hellip;]\" \/>\n<meta property=\"og:url\" content=\"https:\/\/leasia.fr\/?page_id=53\" \/>\n<meta property=\"og:site_name\" content=\"Leasia\" \/>\n<meta property=\"article:publisher\" content=\"https:\/\/www.facebook.com\/LeasiaSAS\/\" \/>\n<meta property=\"article:modified_time\" content=\"2018-10-31T16:16:35+00:00\" \/>\n<meta name=\"twitter:card\" content=\"summary_large_image\" \/>\n<meta name=\"twitter:label1\" content=\"Dur\u00e9e de lecture estim\u00e9e\" \/>\n\t<meta name=\"twitter:data1\" content=\"9 minutes\" \/>\n<script type=\"application\/ld+json\" class=\"yoast-schema-graph\">{\"@context\":\"https:\\\/\\\/schema.org\",\"@graph\":[{\"@type\":\"WebPage\",\"@id\":\"https:\\\/\\\/leasia.fr\\\/?page_id=53\",\"url\":\"https:\\\/\\\/leasia.fr\\\/?page_id=53\",\"name\":\"Mentions l\u00e9gales - Leasia\",\"isPartOf\":{\"@id\":\"https:\\\/\\\/leasia.fr\\\/#website\"},\"datePublished\":\"2015-03-24T14:05:20+00:00\",\"dateModified\":\"2018-10-31T16:16:35+00:00\",\"inLanguage\":\"fr-FR\",\"potentialAction\":[{\"@type\":\"ReadAction\",\"target\":[\"https:\\\/\\\/leasia.fr\\\/?page_id=53\"]}]},{\"@type\":\"WebSite\",\"@id\":\"https:\\\/\\\/leasia.fr\\\/#website\",\"url\":\"https:\\\/\\\/leasia.fr\\\/\",\"name\":\"Leasia\",\"description\":\"Votre partenaire financier\",\"publisher\":{\"@id\":\"https:\\\/\\\/leasia.fr\\\/#organization\"},\"potentialAction\":[{\"@type\":\"SearchAction\",\"target\":{\"@type\":\"EntryPoint\",\"urlTemplate\":\"https:\\\/\\\/leasia.fr\\\/?s={search_term_string}\"},\"query-input\":{\"@type\":\"PropertyValueSpecification\",\"valueRequired\":true,\"valueName\":\"search_term_string\"}}],\"inLanguage\":\"fr-FR\"},{\"@type\":\"Organization\",\"@id\":\"https:\\\/\\\/leasia.fr\\\/#organization\",\"name\":\"Leasia\",\"url\":\"https:\\\/\\\/leasia.fr\\\/\",\"logo\":{\"@type\":\"ImageObject\",\"inLanguage\":\"fr-FR\",\"@id\":\"https:\\\/\\\/leasia.fr\\\/#\\\/schema\\\/logo\\\/image\\\/\",\"url\":\"https:\\\/\\\/i0.wp.com\\\/leasia.fr\\\/wp-content\\\/uploads\\\/2023\\\/01\\\/image005.jpg?fit=45%2C45&ssl=1\",\"contentUrl\":\"https:\\\/\\\/i0.wp.com\\\/leasia.fr\\\/wp-content\\\/uploads\\\/2023\\\/01\\\/image005.jpg?fit=45%2C45&ssl=1\",\"width\":45,\"height\":45,\"caption\":\"Leasia\"},\"image\":{\"@id\":\"https:\\\/\\\/leasia.fr\\\/#\\\/schema\\\/logo\\\/image\\\/\"},\"sameAs\":[\"https:\\\/\\\/www.facebook.com\\\/LeasiaSAS\\\/\",\"https:\\\/\\\/www.linkedin.com\\\/company\\\/leasia\\\/?originalSubdomain=fr\"]}]}<\/script>\n<!-- \/ Yoast SEO plugin. -->","yoast_head_json":{"title":"Mentions l\u00e9gales - Leasia","robots":{"index":"index","follow":"follow","max-snippet":"max-snippet:-1","max-image-preview":"max-image-preview:large","max-video-preview":"max-video-preview:-1"},"canonical":"https:\/\/leasia.fr\/?page_id=53","og_locale":"fr_FR","og_type":"article","og_title":"Mentions l\u00e9gales - Leasia","og_description":"MENTIONS L\u00c9GALES Copyright L\u2019ensemble des \u00e9l\u00e9ments (textes, \u00e9l\u00e9ments graphiques) du site de Leasia est copyright\u00a9 Leasia. Le site est prot\u00e9g\u00e9 par les lois r\u00e9gissant la propri\u00e9t\u00e9 intellectuelle. Il est strictement interdit de le reproduire, dans sa forme ou son contenu, totalement ou partiellement, sans un accord \u00e9crit de son auteur. Dispositions l\u00e9gales Le site leasia.fr [&hellip;]","og_url":"https:\/\/leasia.fr\/?page_id=53","og_site_name":"Leasia","article_publisher":"https:\/\/www.facebook.com\/LeasiaSAS\/","article_modified_time":"2018-10-31T16:16:35+00:00","twitter_card":"summary_large_image","twitter_misc":{"Dur\u00e9e de lecture estim\u00e9e":"9 minutes"},"schema":{"@context":"https:\/\/schema.org","@graph":[{"@type":"WebPage","@id":"https:\/\/leasia.fr\/?page_id=53","url":"https:\/\/leasia.fr\/?page_id=53","name":"Mentions l\u00e9gales - Leasia","isPartOf":{"@id":"https:\/\/leasia.fr\/#website"},"datePublished":"2015-03-24T14:05:20+00:00","dateModified":"2018-10-31T16:16:35+00:00","inLanguage":"fr-FR","potentialAction":[{"@type":"ReadAction","target":["https:\/\/leasia.fr\/?page_id=53"]}]},{"@type":"WebSite","@id":"https:\/\/leasia.fr\/#website","url":"https:\/\/leasia.fr\/","name":"Leasia","description":"Votre partenaire financier","publisher":{"@id":"https:\/\/leasia.fr\/#organization"},"potentialAction":[{"@type":"SearchAction","target":{"@type":"EntryPoint","urlTemplate":"https:\/\/leasia.fr\/?s={search_term_string}"},"query-input":{"@type":"PropertyValueSpecification","valueRequired":true,"valueName":"search_term_string"}}],"inLanguage":"fr-FR"},{"@type":"Organization","@id":"https:\/\/leasia.fr\/#organization","name":"Leasia","url":"https:\/\/leasia.fr\/","logo":{"@type":"ImageObject","inLanguage":"fr-FR","@id":"https:\/\/leasia.fr\/#\/schema\/logo\/image\/","url":"https:\/\/i0.wp.com\/leasia.fr\/wp-content\/uploads\/2023\/01\/image005.jpg?fit=45%2C45&ssl=1","contentUrl":"https:\/\/i0.wp.com\/leasia.fr\/wp-content\/uploads\/2023\/01\/image005.jpg?fit=45%2C45&ssl=1","width":45,"height":45,"caption":"Leasia"},"image":{"@id":"https:\/\/leasia.fr\/#\/schema\/logo\/image\/"},"sameAs":["https:\/\/www.facebook.com\/LeasiaSAS\/","https:\/\/www.linkedin.com\/company\/leasia\/?originalSubdomain=fr"]}]}},"jetpack_shortlink":"https:\/\/wp.me\/P9IR2y-R","jetpack_sharing_enabled":true,"_links":{"self":[{"href":"https:\/\/leasia.fr\/index.php?rest_route=\/wp\/v2\/pages\/53","targetHints":{"allow":["GET"]}}],"collection":[{"href":"https:\/\/leasia.fr\/index.php?rest_route=\/wp\/v2\/pages"}],"about":[{"href":"https:\/\/leasia.fr\/index.php?rest_route=\/wp\/v2\/types\/page"}],"author":[{"embeddable":true,"href":"https:\/\/leasia.fr\/index.php?rest_route=\/wp\/v2\/users\/1"}],"replies":[{"embeddable":true,"href":"https:\/\/leasia.fr\/index.php?rest_route=%2Fwp%2Fv2%2Fcomments&post=53"}],"version-history":[{"count":16,"href":"https:\/\/leasia.fr\/index.php?rest_route=\/wp\/v2\/pages\/53\/revisions"}],"predecessor-version":[{"id":8741,"href":"https:\/\/leasia.fr\/index.php?rest_route=\/wp\/v2\/pages\/53\/revisions\/8741"}],"wp:attachment":[{"href":"https:\/\/leasia.fr\/index.php?rest_route=%2Fwp%2Fv2%2Fmedia&parent=53"}],"curies":[{"name":"wp","href":"https:\/\/api.w.org\/{rel}","templated":true}]}}