{"id":6149,"date":"2022-06-13T17:26:26","date_gmt":"2022-06-13T15:26:26","guid":{"rendered":"https:\/\/leasia.fr\/?page_id=6149"},"modified":"2022-07-01T14:17:12","modified_gmt":"2022-07-01T12:17:12","slug":"qui-sommes-nous-2","status":"publish","type":"page","link":"https:\/\/leasia.fr\/?page_id=6149","title":{"rendered":"Qui sommes-nous ?"},"content":{"rendered":"\t\t<div data-elementor-type=\"wp-page\" data-elementor-id=\"6149\" class=\"elementor elementor-6149\" data-elementor-post-type=\"page\">\n\t\t\t\t\t\t<section class=\"elementor-section elementor-top-section elementor-element elementor-element-3ccf3bec elementor-section-content-middle elementor-reverse-mobile elementor-section-boxed elementor-section-height-default elementor-section-height-default\" data-id=\"3ccf3bec\" data-element_type=\"section\" data-e-type=\"section\">\n\t\t\t\t\t\t<div class=\"elementor-container elementor-column-gap-no\">\n\t\t\t\t\t<div class=\"elementor-column elementor-col-50 elementor-top-column elementor-element elementor-element-50b2357b\" data-id=\"50b2357b\" data-element_type=\"column\" data-e-type=\"column\">\n\t\t\t<div class=\"elementor-widget-wrap elementor-element-populated\">\n\t\t\t\t\t\t<div class=\"elementor-element elementor-element-32de64a4 elementor-widget elementor-widget-text-editor\" data-id=\"32de64a4\" data-element_type=\"widget\" data-e-type=\"widget\" data-widget_type=\"text-editor.default\">\n\t\t\t\t<div class=\"elementor-widget-container\">\n\t\t\t\t\t\t\t\t\t<p>Qui sommes-nous ?<\/p>\t\t\t\t\t\t\t\t<\/div>\n\t\t\t\t<\/div>\n\t\t\t\t<div class=\"elementor-element elementor-element-5d663fc0 elementor-widget elementor-widget-heading\" data-id=\"5d663fc0\" data-element_type=\"widget\" data-e-type=\"widget\" data-widget_type=\"heading.default\">\n\t\t\t\t<div class=\"elementor-widget-container\">\n\t\t\t\t\t<h3 class=\"elementor-heading-title elementor-size-default\">Votre partenaire financier.<\/h3>\t\t\t\t<\/div>\n\t\t\t\t<\/div>\n\t\t\t\t<div class=\"elementor-element elementor-element-632474bc elementor-widget elementor-widget-text-editor\" data-id=\"632474bc\" data-element_type=\"widget\" data-e-type=\"widget\" data-widget_type=\"text-editor.default\">\n\t\t\t\t<div class=\"elementor-widget-container\">\n\t\t\t\t\t\t\t\t\t<p>Depuis 2013, LEASIA propose des solutions de financement adapt\u00e9es aux besoins des entreprises de tous secteurs d\u2019activit\u00e9.\u00a0La location de biens d\u2019\u00e9quipement de garage, de mat\u00e9riel informatique, de CHR, de test et mesure, de logiciel-Saas, d\u2019engins ferroviaire et de mat\u00e9riel de maintenance&#8230; sont les domaines pr\u00e9f\u00e9rentiels.<\/p><p><span style=\"font-size: 16px;\">On sait bien que votre temps est compt\u00e9, c\u2019est pourquoi nous vous proposons d\u2019analyser votre demande de financement en quelques clics. <\/span><\/p><p><span style=\"font-size: 16px;\">Notre exp\u00e9rience nous permet d\u2019associer performance technique et ma\u00eetrise des co\u00fbts. Et cela afin de vous permettre d\u2019\u00e9taler la charge sur une dur\u00e9e d\u2019utilisation que vous choisissez (12, 24, 36 ou 48 mois).<\/span><\/p><p>\u00a0<\/p>\t\t\t\t\t\t\t\t<\/div>\n\t\t\t\t<\/div>\n\t\t\t\t\t<\/div>\n\t\t<\/div>\n\t\t\t\t<div class=\"elementor-column elementor-col-50 elementor-top-column elementor-element elementor-element-283a3a1c\" data-id=\"283a3a1c\" data-element_type=\"column\" data-e-type=\"column\">\n\t\t\t<div class=\"elementor-widget-wrap elementor-element-populated\">\n\t\t\t\t\t\t<div class=\"elementor-element elementor-element-75dce028 elementor-widget elementor-widget-image\" data-id=\"75dce028\" data-element_type=\"widget\" data-e-type=\"widget\" data-widget_type=\"image.default\">\n\t\t\t\t<div class=\"elementor-widget-container\">\n\t\t\t\t\t\t\t\t\t\t\t\t\t\t\t<img fetchpriority=\"high\" decoding=\"async\" data-attachment-id=\"6667\" data-permalink=\"https:\/\/leasia.fr\/?attachment_id=6667\" data-orig-file=\"https:\/\/i0.wp.com\/leasia.fr\/wp-content\/uploads\/2022\/05\/LOGO-LEASIA-ORANGE-300x273-1.jpg?fit=300%2C273&amp;ssl=1\" data-orig-size=\"300,273\" data-comments-opened=\"0\" data-image-meta=\"{&quot;aperture&quot;:&quot;0&quot;,&quot;credit&quot;:&quot;&quot;,&quot;camera&quot;:&quot;&quot;,&quot;caption&quot;:&quot;&quot;,&quot;created_timestamp&quot;:&quot;0&quot;,&quot;copyright&quot;:&quot;&quot;,&quot;focal_length&quot;:&quot;0&quot;,&quot;iso&quot;:&quot;0&quot;,&quot;shutter_speed&quot;:&quot;0&quot;,&quot;title&quot;:&quot;&quot;,&quot;orientation&quot;:&quot;0&quot;}\" data-image-title=\"LOGO-LEASIA-ORANGE-300&amp;#215;273\" data-image-description=\"\" data-image-caption=\"&lt;p&gt;Logo Leasia&lt;\/p&gt;\n\" data-large-file=\"https:\/\/i0.wp.com\/leasia.fr\/wp-content\/uploads\/2022\/05\/LOGO-LEASIA-ORANGE-300x273-1.jpg?fit=300%2C273&amp;ssl=1\" width=\"300\" height=\"273\" src=\"https:\/\/i0.wp.com\/leasia.fr\/wp-content\/uploads\/2022\/05\/LOGO-LEASIA-ORANGE-300x273-1.jpg?fit=300%2C273&amp;ssl=1\" class=\"attachment-full size-full wp-image-6667\" alt=\"\" data-attachment-id=\"6667\" data-permalink=\"https:\/\/leasia.fr\/?attachment_id=6667\" data-orig-file=\"https:\/\/i0.wp.com\/leasia.fr\/wp-content\/uploads\/2022\/05\/LOGO-LEASIA-ORANGE-300x273-1.jpg?fit=300%2C273&amp;ssl=1\" data-orig-size=\"300,273\" data-comments-opened=\"0\" data-image-meta=\"{&quot;aperture&quot;:&quot;0&quot;,&quot;credit&quot;:&quot;&quot;,&quot;camera&quot;:&quot;&quot;,&quot;caption&quot;:&quot;&quot;,&quot;created_timestamp&quot;:&quot;0&quot;,&quot;copyright&quot;:&quot;&quot;,&quot;focal_length&quot;:&quot;0&quot;,&quot;iso&quot;:&quot;0&quot;,&quot;shutter_speed&quot;:&quot;0&quot;,&quot;title&quot;:&quot;&quot;,&quot;orientation&quot;:&quot;0&quot;}\" data-image-title=\"LOGO-LEASIA-ORANGE-300&amp;#215;273\" data-image-description=\"\" data-image-caption=\"&lt;p&gt;Logo Leasia&lt;\/p&gt;\n\" data-large-file=\"https:\/\/i0.wp.com\/leasia.fr\/wp-content\/uploads\/2022\/05\/LOGO-LEASIA-ORANGE-300x273-1.jpg?fit=273%2C273&amp;ssl=1\" \/>\t\t\t\t\t\t\t\t\t\t\t\t\t\t\t<\/div>\n\t\t\t\t<\/div>\n\t\t\t\t\t<\/div>\n\t\t<\/div>\n\t\t\t\t\t<\/div>\n\t\t<\/section>\n\t\t\t\t<section class=\"elementor-section elementor-top-section elementor-element elementor-element-11ac02b7 elementor-section-boxed elementor-section-height-default elementor-section-height-default\" data-id=\"11ac02b7\" data-element_type=\"section\" data-e-type=\"section\">\n\t\t\t\t\t\t<div class=\"elementor-container elementor-column-gap-default\">\n\t\t\t\t\t<div class=\"elementor-column elementor-col-100 elementor-top-column elementor-element elementor-element-70645cc8\" data-id=\"70645cc8\" data-element_type=\"column\" data-e-type=\"column\">\n\t\t\t<div class=\"elementor-widget-wrap elementor-element-populated\">\n\t\t\t\t\t\t<div class=\"elementor-element elementor-element-67977c15 elementor-align-center elementor-widget elementor-widget-global elementor-global-6841 elementor-widget-button\" data-id=\"67977c15\" data-element_type=\"widget\" data-e-type=\"widget\" data-widget_type=\"button.default\">\n\t\t\t\t<div class=\"elementor-widget-container\">\n\t\t\t\t\t\t\t\t\t<div class=\"elementor-button-wrapper\">\n\t\t\t\t\t<a class=\"elementor-button elementor-button-link elementor-size-md\" href=\"https:\/\/leasia.fr\/?page_id=6583\">\n\t\t\t\t\t\t<span class=\"elementor-button-content-wrapper\">\n\t\t\t\t\t\t\t\t\t<span class=\"elementor-button-text\">Contactez-nous d\u00e8s maintenant<\/span>\n\t\t\t\t\t<\/span>\n\t\t\t\t\t<\/a>\n\t\t\t\t<\/div>\n\t\t\t\t\t\t\t\t<\/div>\n\t\t\t\t<\/div>\n\t\t\t\t\t<\/div>\n\t\t<\/div>\n\t\t\t\t\t<\/div>\n\t\t<\/section>\n\t\t\t\t<\/div>\n\t\t","protected":false},"excerpt":{"rendered":"<p>Qui sommes-nous ? Votre partenaire financier. Depuis 2013, LEASIA propose des solutions de financement adapt\u00e9es aux besoins des entreprises de tous secteurs d\u2019activit\u00e9.\u00a0La location de biens d\u2019\u00e9quipement de garage, de mat\u00e9riel informatique, de CHR, de test et mesure, de logiciel-Saas, d\u2019engins ferroviaire et de mat\u00e9riel de maintenance&#8230; sont les domaines pr\u00e9f\u00e9rentiels. On sait bien que [&hellip;]<\/p>\n","protected":false},"author":1,"featured_media":0,"parent":0,"menu_order":0,"comment_status":"closed","ping_status":"closed","template":"","meta":{"jetpack_post_was_ever_published":false,"footnotes":""},"class_list":["post-6149","page","type-page","status-publish","hentry"],"yoast_head":"<!-- This site is optimized with the Yoast SEO plugin v27.4 - https:\/\/yoast.com\/product\/yoast-seo-wordpress\/ -->\n<title>Qui sommes-nous ? - Leasia<\/title>\n<meta name=\"robots\" content=\"index, follow, max-snippet:-1, max-image-preview:large, max-video-preview:-1\" \/>\n<link rel=\"canonical\" href=\"https:\/\/leasia.fr\/?page_id=6149\" \/>\n<meta property=\"og:locale\" content=\"fr_FR\" \/>\n<meta property=\"og:type\" content=\"article\" \/>\n<meta property=\"og:title\" content=\"Qui sommes-nous ? - Leasia\" \/>\n<meta property=\"og:description\" content=\"Qui sommes-nous ? Votre partenaire financier. Depuis 2013, LEASIA propose des solutions de financement adapt\u00e9es aux besoins des entreprises de tous secteurs d\u2019activit\u00e9.\u00a0La location de biens d\u2019\u00e9quipement de garage, de mat\u00e9riel informatique, de CHR, de test et mesure, de logiciel-Saas, d\u2019engins ferroviaire et de mat\u00e9riel de maintenance&#8230; sont les domaines pr\u00e9f\u00e9rentiels. On sait bien que [&hellip;]\" \/>\n<meta property=\"og:url\" content=\"https:\/\/leasia.fr\/?page_id=6149\" \/>\n<meta property=\"og:site_name\" content=\"Leasia\" \/>\n<meta property=\"article:publisher\" content=\"https:\/\/www.facebook.com\/LeasiaSAS\/\" \/>\n<meta property=\"article:modified_time\" content=\"2022-07-01T12:17:12+00:00\" \/>\n<meta property=\"og:image\" content=\"http:\/\/leasia.fr\/wp-content\/uploads\/2022\/05\/LOGO-LEASIA-ORANGE-300x273-1.jpg\" \/>\n<meta name=\"twitter:card\" content=\"summary_large_image\" \/>\n<meta name=\"twitter:label1\" content=\"Dur\u00e9e de lecture estim\u00e9e\" \/>\n\t<meta name=\"twitter:data1\" content=\"1 minute\" \/>\n<script type=\"application\/ld+json\" class=\"yoast-schema-graph\">{\"@context\":\"https:\\\/\\\/schema.org\",\"@graph\":[{\"@type\":\"WebPage\",\"@id\":\"https:\\\/\\\/leasia.fr\\\/?page_id=6149\",\"url\":\"https:\\\/\\\/leasia.fr\\\/?page_id=6149\",\"name\":\"Qui sommes-nous ? - Leasia\",\"isPartOf\":{\"@id\":\"https:\\\/\\\/leasia.fr\\\/#website\"},\"primaryImageOfPage\":{\"@id\":\"https:\\\/\\\/leasia.fr\\\/?page_id=6149#primaryimage\"},\"image\":{\"@id\":\"https:\\\/\\\/leasia.fr\\\/?page_id=6149#primaryimage\"},\"thumbnailUrl\":\"http:\\\/\\\/leasia.fr\\\/wp-content\\\/uploads\\\/2022\\\/05\\\/LOGO-LEASIA-ORANGE-300x273-1.jpg\",\"datePublished\":\"2022-06-13T15:26:26+00:00\",\"dateModified\":\"2022-07-01T12:17:12+00:00\",\"inLanguage\":\"fr-FR\",\"potentialAction\":[{\"@type\":\"ReadAction\",\"target\":[\"https:\\\/\\\/leasia.fr\\\/?page_id=6149\"]}]},{\"@type\":\"ImageObject\",\"inLanguage\":\"fr-FR\",\"@id\":\"https:\\\/\\\/leasia.fr\\\/?page_id=6149#primaryimage\",\"url\":\"https:\\\/\\\/i0.wp.com\\\/leasia.fr\\\/wp-content\\\/uploads\\\/2022\\\/05\\\/LOGO-LEASIA-ORANGE-300x273-1.jpg?fit=300%2C273&ssl=1\",\"contentUrl\":\"https:\\\/\\\/i0.wp.com\\\/leasia.fr\\\/wp-content\\\/uploads\\\/2022\\\/05\\\/LOGO-LEASIA-ORANGE-300x273-1.jpg?fit=300%2C273&ssl=1\",\"width\":300,\"height\":273,\"caption\":\"Logo Leasia\"},{\"@type\":\"WebSite\",\"@id\":\"https:\\\/\\\/leasia.fr\\\/#website\",\"url\":\"https:\\\/\\\/leasia.fr\\\/\",\"name\":\"Leasia\",\"description\":\"Votre partenaire financier\",\"publisher\":{\"@id\":\"https:\\\/\\\/leasia.fr\\\/#organization\"},\"potentialAction\":[{\"@type\":\"SearchAction\",\"target\":{\"@type\":\"EntryPoint\",\"urlTemplate\":\"https:\\\/\\\/leasia.fr\\\/?s={search_term_string}\"},\"query-input\":{\"@type\":\"PropertyValueSpecification\",\"valueRequired\":true,\"valueName\":\"search_term_string\"}}],\"inLanguage\":\"fr-FR\"},{\"@type\":\"Organization\",\"@id\":\"https:\\\/\\\/leasia.fr\\\/#organization\",\"name\":\"Leasia\",\"url\":\"https:\\\/\\\/leasia.fr\\\/\",\"logo\":{\"@type\":\"ImageObject\",\"inLanguage\":\"fr-FR\",\"@id\":\"https:\\\/\\\/leasia.fr\\\/#\\\/schema\\\/logo\\\/image\\\/\",\"url\":\"https:\\\/\\\/i0.wp.com\\\/leasia.fr\\\/wp-content\\\/uploads\\\/2023\\\/01\\\/image005.jpg?fit=45%2C45&ssl=1\",\"contentUrl\":\"https:\\\/\\\/i0.wp.com\\\/leasia.fr\\\/wp-content\\\/uploads\\\/2023\\\/01\\\/image005.jpg?fit=45%2C45&ssl=1\",\"width\":45,\"height\":45,\"caption\":\"Leasia\"},\"image\":{\"@id\":\"https:\\\/\\\/leasia.fr\\\/#\\\/schema\\\/logo\\\/image\\\/\"},\"sameAs\":[\"https:\\\/\\\/www.facebook.com\\\/LeasiaSAS\\\/\",\"https:\\\/\\\/www.linkedin.com\\\/company\\\/leasia\\\/?originalSubdomain=fr\"]}]}<\/script>\n<!-- \/ Yoast SEO plugin. -->","yoast_head_json":{"title":"Qui sommes-nous ? - Leasia","robots":{"index":"index","follow":"follow","max-snippet":"max-snippet:-1","max-image-preview":"max-image-preview:large","max-video-preview":"max-video-preview:-1"},"canonical":"https:\/\/leasia.fr\/?page_id=6149","og_locale":"fr_FR","og_type":"article","og_title":"Qui sommes-nous ? - Leasia","og_description":"Qui sommes-nous ? Votre partenaire financier. Depuis 2013, LEASIA propose des solutions de financement adapt\u00e9es aux besoins des entreprises de tous secteurs d\u2019activit\u00e9.\u00a0La location de biens d\u2019\u00e9quipement de garage, de mat\u00e9riel informatique, de CHR, de test et mesure, de logiciel-Saas, d\u2019engins ferroviaire et de mat\u00e9riel de maintenance&#8230; sont les domaines pr\u00e9f\u00e9rentiels. On sait bien que [&hellip;]","og_url":"https:\/\/leasia.fr\/?page_id=6149","og_site_name":"Leasia","article_publisher":"https:\/\/www.facebook.com\/LeasiaSAS\/","article_modified_time":"2022-07-01T12:17:12+00:00","og_image":[{"url":"http:\/\/leasia.fr\/wp-content\/uploads\/2022\/05\/LOGO-LEASIA-ORANGE-300x273-1.jpg","type":"","width":"","height":""}],"twitter_card":"summary_large_image","twitter_misc":{"Dur\u00e9e de lecture estim\u00e9e":"1 minute"},"schema":{"@context":"https:\/\/schema.org","@graph":[{"@type":"WebPage","@id":"https:\/\/leasia.fr\/?page_id=6149","url":"https:\/\/leasia.fr\/?page_id=6149","name":"Qui sommes-nous ? - Leasia","isPartOf":{"@id":"https:\/\/leasia.fr\/#website"},"primaryImageOfPage":{"@id":"https:\/\/leasia.fr\/?page_id=6149#primaryimage"},"image":{"@id":"https:\/\/leasia.fr\/?page_id=6149#primaryimage"},"thumbnailUrl":"http:\/\/leasia.fr\/wp-content\/uploads\/2022\/05\/LOGO-LEASIA-ORANGE-300x273-1.jpg","datePublished":"2022-06-13T15:26:26+00:00","dateModified":"2022-07-01T12:17:12+00:00","inLanguage":"fr-FR","potentialAction":[{"@type":"ReadAction","target":["https:\/\/leasia.fr\/?page_id=6149"]}]},{"@type":"ImageObject","inLanguage":"fr-FR","@id":"https:\/\/leasia.fr\/?page_id=6149#primaryimage","url":"https:\/\/i0.wp.com\/leasia.fr\/wp-content\/uploads\/2022\/05\/LOGO-LEASIA-ORANGE-300x273-1.jpg?fit=300%2C273&ssl=1","contentUrl":"https:\/\/i0.wp.com\/leasia.fr\/wp-content\/uploads\/2022\/05\/LOGO-LEASIA-ORANGE-300x273-1.jpg?fit=300%2C273&ssl=1","width":300,"height":273,"caption":"Logo Leasia"},{"@type":"WebSite","@id":"https:\/\/leasia.fr\/#website","url":"https:\/\/leasia.fr\/","name":"Leasia","description":"Votre partenaire financier","publisher":{"@id":"https:\/\/leasia.fr\/#organization"},"potentialAction":[{"@type":"SearchAction","target":{"@type":"EntryPoint","urlTemplate":"https:\/\/leasia.fr\/?s={search_term_string}"},"query-input":{"@type":"PropertyValueSpecification","valueRequired":true,"valueName":"search_term_string"}}],"inLanguage":"fr-FR"},{"@type":"Organization","@id":"https:\/\/leasia.fr\/#organization","name":"Leasia","url":"https:\/\/leasia.fr\/","logo":{"@type":"ImageObject","inLanguage":"fr-FR","@id":"https:\/\/leasia.fr\/#\/schema\/logo\/image\/","url":"https:\/\/i0.wp.com\/leasia.fr\/wp-content\/uploads\/2023\/01\/image005.jpg?fit=45%2C45&ssl=1","contentUrl":"https:\/\/i0.wp.com\/leasia.fr\/wp-content\/uploads\/2023\/01\/image005.jpg?fit=45%2C45&ssl=1","width":45,"height":45,"caption":"Leasia"},"image":{"@id":"https:\/\/leasia.fr\/#\/schema\/logo\/image\/"},"sameAs":["https:\/\/www.facebook.com\/LeasiaSAS\/","https:\/\/www.linkedin.com\/company\/leasia\/?originalSubdomain=fr"]}]}},"jetpack_shortlink":"https:\/\/wp.me\/P9IR2y-1Bb","jetpack_sharing_enabled":true,"_links":{"self":[{"href":"https:\/\/leasia.fr\/index.php?rest_route=\/wp\/v2\/pages\/6149","targetHints":{"allow":["GET"]}}],"collection":[{"href":"https:\/\/leasia.fr\/index.php?rest_route=\/wp\/v2\/pages"}],"about":[{"href":"https:\/\/leasia.fr\/index.php?rest_route=\/wp\/v2\/types\/page"}],"author":[{"embeddable":true,"href":"https:\/\/leasia.fr\/index.php?rest_route=\/wp\/v2\/users\/1"}],"replies":[{"embeddable":true,"href":"https:\/\/leasia.fr\/index.php?rest_route=%2Fwp%2Fv2%2Fcomments&post=6149"}],"version-history":[{"count":19,"href":"https:\/\/leasia.fr\/index.php?rest_route=\/wp\/v2\/pages\/6149\/revisions"}],"predecessor-version":[{"id":7578,"href":"https:\/\/leasia.fr\/index.php?rest_route=\/wp\/v2\/pages\/6149\/revisions\/7578"}],"wp:attachment":[{"href":"https:\/\/leasia.fr\/index.php?rest_route=%2Fwp%2Fv2%2Fmedia&parent=6149"}],"curies":[{"name":"wp","href":"https:\/\/api.w.org\/{rel}","templated":true}]}}