{"id":6188,"date":"2022-06-13T17:26:14","date_gmt":"2022-06-13T15:26:14","guid":{"rendered":"https:\/\/leasia.fr\/?page_id=6188"},"modified":"2022-07-06T11:09:47","modified_gmt":"2022-07-06T09:09:47","slug":"montage-complexe","status":"publish","type":"page","link":"https:\/\/leasia.fr\/?page_id=6188","title":{"rendered":"Montage complexe"},"content":{"rendered":"\t\t<div data-elementor-type=\"wp-page\" data-elementor-id=\"6188\" class=\"elementor elementor-6188\" data-elementor-post-type=\"page\">\n\t\t\t\t\t\t<section class=\"elementor-section elementor-top-section elementor-element elementor-element-2f5cdfa elementor-section-height-min-height elementor-section-stretched elementor-section-boxed elementor-section-height-default elementor-section-items-middle\" data-id=\"2f5cdfa\" data-element_type=\"section\" data-e-type=\"section\" data-settings=\"{&quot;stretch_section&quot;:&quot;section-stretched&quot;,&quot;background_background&quot;:&quot;classic&quot;}\">\n\t\t\t\t\t\t<div class=\"elementor-container elementor-column-gap-default\">\n\t\t\t\t\t<div class=\"elementor-column elementor-col-100 elementor-top-column elementor-element elementor-element-66142d1\" data-id=\"66142d1\" data-element_type=\"column\" data-e-type=\"column\">\n\t\t\t<div class=\"elementor-widget-wrap elementor-element-populated\">\n\t\t\t\t\t\t<div class=\"elementor-element elementor-element-31c35bb elementor-widget elementor-widget-heading\" data-id=\"31c35bb\" data-element_type=\"widget\" data-e-type=\"widget\" data-widget_type=\"heading.default\">\n\t\t\t\t<div class=\"elementor-widget-container\">\n\t\t\t\t\t<h1 class=\"elementor-heading-title elementor-size-default\"><b>Montage complexe<\/b><\/h1>\t\t\t\t<\/div>\n\t\t\t\t<\/div>\n\t\t\t\t<div class=\"elementor-element elementor-element-9dc443a elementor-widget-divider--view-line_icon elementor-view-default elementor-widget-divider--element-align-center elementor-widget elementor-widget-divider\" data-id=\"9dc443a\" data-element_type=\"widget\" data-e-type=\"widget\" data-widget_type=\"divider.default\">\n\t\t\t\t<div class=\"elementor-widget-container\">\n\t\t\t\t\t\t\t<div class=\"elementor-divider\">\n\t\t\t<span class=\"elementor-divider-separator\">\n\t\t\t\t\t\t\t<div class=\"elementor-icon elementor-divider__element\">\n\t\t\t\t\t<i aria-hidden=\"true\" class=\"fas fa-chart-pie\"><\/i><\/div>\n\t\t\t\t\t\t<\/span>\n\t\t<\/div>\n\t\t\t\t\t\t<\/div>\n\t\t\t\t<\/div>\n\t\t\t\t\t<\/div>\n\t\t<\/div>\n\t\t\t\t\t<\/div>\n\t\t<\/section>\n\t\t\t\t<section class=\"elementor-section elementor-top-section elementor-element elementor-element-851f98f elementor-section-boxed elementor-section-height-default elementor-section-height-default\" data-id=\"851f98f\" data-element_type=\"section\" data-e-type=\"section\">\n\t\t\t\t\t\t<div class=\"elementor-container elementor-column-gap-default\">\n\t\t\t\t\t<div class=\"elementor-column elementor-col-100 elementor-top-column elementor-element elementor-element-6f2d14c\" data-id=\"6f2d14c\" data-element_type=\"column\" data-e-type=\"column\">\n\t\t\t<div class=\"elementor-widget-wrap elementor-element-populated\">\n\t\t\t\t\t\t<div class=\"elementor-element elementor-element-798945e elementor-widget elementor-widget-spacer\" data-id=\"798945e\" data-element_type=\"widget\" data-e-type=\"widget\" data-widget_type=\"spacer.default\">\n\t\t\t\t<div class=\"elementor-widget-container\">\n\t\t\t\t\t\t\t<div class=\"elementor-spacer\">\n\t\t\t<div class=\"elementor-spacer-inner\"><\/div>\n\t\t<\/div>\n\t\t\t\t\t\t<\/div>\n\t\t\t\t<\/div>\n\t\t\t\t<div class=\"elementor-element elementor-element-d305a5f elementor-widget elementor-widget-image\" data-id=\"d305a5f\" data-element_type=\"widget\" data-e-type=\"widget\" data-widget_type=\"image.default\">\n\t\t\t\t<div class=\"elementor-widget-container\">\n\t\t\t\t\t\t\t\t\t\t\t\t\t\t\t<img fetchpriority=\"high\" decoding=\"async\" data-attachment-id=\"7730\" data-permalink=\"https:\/\/leasia.fr\/?attachment_id=7730\" data-orig-file=\"https:\/\/i0.wp.com\/leasia.fr\/wp-content\/uploads\/2022\/07\/iStock-1202205418-scaled.jpg?fit=2560%2C1351&amp;ssl=1\" data-orig-size=\"2560,1351\" data-comments-opened=\"0\" data-image-meta=\"{&quot;aperture&quot;:&quot;0&quot;,&quot;credit&quot;:&quot;Getty Images\/iStockphoto&quot;,&quot;camera&quot;:&quot;&quot;,&quot;caption&quot;:&quot;3D illustration of a conceptual maze. Shortcut between points A and B or finding the shortest path concept.&quot;,&quot;created_timestamp&quot;:&quot;0&quot;,&quot;copyright&quot;:&quot;Olivier Le Moal&quot;,&quot;focal_length&quot;:&quot;0&quot;,&quot;iso&quot;:&quot;0&quot;,&quot;shutter_speed&quot;:&quot;0&quot;,&quot;title&quot;:&quot;Find The Shortest Path Between Points A And B.&quot;,&quot;orientation&quot;:&quot;1&quot;}\" data-image-title=\"Montage complexe\" data-image-description=\"\" data-image-caption=\"&lt;p&gt;Montage complexe&lt;\/p&gt;\n\" data-medium-file=\"https:\/\/i0.wp.com\/leasia.fr\/wp-content\/uploads\/2022\/07\/iStock-1202205418-scaled.jpg?fit=300%2C158&amp;ssl=1\" data-large-file=\"https:\/\/i0.wp.com\/leasia.fr\/wp-content\/uploads\/2022\/07\/iStock-1202205418-scaled.jpg?fit=800%2C422&amp;ssl=1\" width=\"768\" height=\"405\" src=\"https:\/\/i0.wp.com\/leasia.fr\/wp-content\/uploads\/2022\/07\/iStock-1202205418-scaled.jpg?fit=768%2C405&amp;ssl=1\" class=\"attachment-medium_large size-medium_large wp-image-7730\" alt=\"\" srcset=\"https:\/\/i0.wp.com\/leasia.fr\/wp-content\/uploads\/2022\/07\/iStock-1202205418-scaled.jpg?w=2560&amp;ssl=1 2560w, https:\/\/i0.wp.com\/leasia.fr\/wp-content\/uploads\/2022\/07\/iStock-1202205418-scaled.jpg?resize=300%2C158&amp;ssl=1 300w, https:\/\/i0.wp.com\/leasia.fr\/wp-content\/uploads\/2022\/07\/iStock-1202205418-scaled.jpg?resize=1024%2C540&amp;ssl=1 1024w, https:\/\/i0.wp.com\/leasia.fr\/wp-content\/uploads\/2022\/07\/iStock-1202205418-scaled.jpg?resize=768%2C405&amp;ssl=1 768w, https:\/\/i0.wp.com\/leasia.fr\/wp-content\/uploads\/2022\/07\/iStock-1202205418-scaled.jpg?resize=1536%2C810&amp;ssl=1 1536w, https:\/\/i0.wp.com\/leasia.fr\/wp-content\/uploads\/2022\/07\/iStock-1202205418-scaled.jpg?resize=2048%2C1080&amp;ssl=1 2048w, https:\/\/i0.wp.com\/leasia.fr\/wp-content\/uploads\/2022\/07\/iStock-1202205418-scaled.jpg?w=1600 1600w, https:\/\/i0.wp.com\/leasia.fr\/wp-content\/uploads\/2022\/07\/iStock-1202205418-scaled.jpg?w=2400 2400w\" sizes=\"(max-width: 768px) 100vw, 768px\" data-attachment-id=\"7730\" data-permalink=\"https:\/\/leasia.fr\/?attachment_id=7730\" data-orig-file=\"https:\/\/i0.wp.com\/leasia.fr\/wp-content\/uploads\/2022\/07\/iStock-1202205418-scaled.jpg?fit=2560%2C1351&amp;ssl=1\" data-orig-size=\"2560,1351\" data-comments-opened=\"0\" data-image-meta=\"{&quot;aperture&quot;:&quot;0&quot;,&quot;credit&quot;:&quot;Getty Images\/iStockphoto&quot;,&quot;camera&quot;:&quot;&quot;,&quot;caption&quot;:&quot;3D illustration of a conceptual maze. Shortcut between points A and B or finding the shortest path concept.&quot;,&quot;created_timestamp&quot;:&quot;0&quot;,&quot;copyright&quot;:&quot;Olivier Le Moal&quot;,&quot;focal_length&quot;:&quot;0&quot;,&quot;iso&quot;:&quot;0&quot;,&quot;shutter_speed&quot;:&quot;0&quot;,&quot;title&quot;:&quot;Find The Shortest Path Between Points A And B.&quot;,&quot;orientation&quot;:&quot;1&quot;}\" data-image-title=\"Montage complexe\" data-image-description=\"\" data-image-caption=\"&lt;p&gt;Montage complexe&lt;\/p&gt;\n\" data-medium-file=\"https:\/\/i0.wp.com\/leasia.fr\/wp-content\/uploads\/2022\/07\/iStock-1202205418-scaled.jpg?fit=300%2C158&amp;ssl=1\" data-large-file=\"https:\/\/i0.wp.com\/leasia.fr\/wp-content\/uploads\/2022\/07\/iStock-1202205418-scaled.jpg?fit=800%2C422&amp;ssl=1\" \/>\t\t\t\t\t\t\t\t\t\t\t\t\t\t\t<\/div>\n\t\t\t\t<\/div>\n\t\t\t\t<div class=\"elementor-element elementor-element-e7f7e77 elementor-widget elementor-widget-spacer\" data-id=\"e7f7e77\" data-element_type=\"widget\" data-e-type=\"widget\" data-widget_type=\"spacer.default\">\n\t\t\t\t<div class=\"elementor-widget-container\">\n\t\t\t\t\t\t\t<div class=\"elementor-spacer\">\n\t\t\t<div class=\"elementor-spacer-inner\"><\/div>\n\t\t<\/div>\n\t\t\t\t\t\t<\/div>\n\t\t\t\t<\/div>\n\t\t\t\t\t<\/div>\n\t\t<\/div>\n\t\t\t\t\t<\/div>\n\t\t<\/section>\n\t\t\t\t<section class=\"elementor-section elementor-top-section elementor-element elementor-element-7225b18 elementor-section-boxed elementor-section-height-default elementor-section-height-default\" data-id=\"7225b18\" data-element_type=\"section\" data-e-type=\"section\">\n\t\t\t\t\t\t<div class=\"elementor-container elementor-column-gap-default\">\n\t\t\t\t\t<div class=\"elementor-column elementor-col-100 elementor-top-column elementor-element elementor-element-0713ed2\" data-id=\"0713ed2\" data-element_type=\"column\" data-e-type=\"column\">\n\t\t\t<div class=\"elementor-widget-wrap elementor-element-populated\">\n\t\t\t\t\t\t<div class=\"elementor-element elementor-element-2f2ee6b elementor-widget elementor-widget-text-editor\" data-id=\"2f2ee6b\" data-element_type=\"widget\" data-e-type=\"widget\" data-widget_type=\"text-editor.default\">\n\t\t\t\t<div class=\"elementor-widget-container\">\n\t\t\t\t\t\t\t\t\t<p>Vous \u00eates souvent confront\u00e9s \u00e0 des refus lors de vos demandes de financement ? La cause : un montant de financement beaucoup trop \u00e9lev\u00e9 pour vos partenaires financier. Avec LEASIA, vous avez une solution afin de vous permettre de faire financer vos \u00e9quipements professionnels.<\/p><p>Gr\u00e2ce \u00e0 la diversit\u00e9 des bailleurs qui travaillent avec LEASIA, nous sommes en capacit\u00e9 d\u2019\u00e9laborer des montages complexes. Avec 20 ann\u00e9es d&rsquo;exp\u00e9riences, notre direction est toujours \u00e0 la recherche d&rsquo;une ing\u00e9nierie financi\u00e8re innovante pour vos montages financiers complexes (d\u00e9cal\u00e9 de paiement, taux 0, d\u00e9gressif, progressif,&#8230;)<\/p><p>Cette op\u00e9ration est sans contrepartie pour votre client car ce dernier n\u2019aura juste qu\u2019un loyer \u00e0 r\u00e9gl\u00e9 par mois.<\/p>\t\t\t\t\t\t\t\t<\/div>\n\t\t\t\t<\/div>\n\t\t\t\t\t<\/div>\n\t\t<\/div>\n\t\t\t\t\t<\/div>\n\t\t<\/section>\n\t\t\t\t<section class=\"elementor-section elementor-top-section elementor-element elementor-element-e840d96 elementor-section-boxed elementor-section-height-default elementor-section-height-default\" data-id=\"e840d96\" data-element_type=\"section\" data-e-type=\"section\">\n\t\t\t\t\t\t<div class=\"elementor-container elementor-column-gap-default\">\n\t\t\t\t\t<div class=\"elementor-column elementor-col-100 elementor-top-column elementor-element elementor-element-23a51664\" data-id=\"23a51664\" data-element_type=\"column\" data-e-type=\"column\">\n\t\t\t<div class=\"elementor-widget-wrap elementor-element-populated\">\n\t\t\t\t\t\t<div class=\"elementor-element elementor-element-2a2aa36c elementor-align-center elementor-widget elementor-widget-global elementor-global-6841 elementor-widget-button\" data-id=\"2a2aa36c\" data-element_type=\"widget\" data-e-type=\"widget\" data-widget_type=\"button.default\">\n\t\t\t\t<div class=\"elementor-widget-container\">\n\t\t\t\t\t\t\t\t\t<div class=\"elementor-button-wrapper\">\n\t\t\t\t\t<a class=\"elementor-button elementor-button-link elementor-size-md\" href=\"https:\/\/leasia.fr\/?page_id=6583\">\n\t\t\t\t\t\t<span class=\"elementor-button-content-wrapper\">\n\t\t\t\t\t\t\t\t\t<span class=\"elementor-button-text\">Contactez-nous d\u00e8s maintenant<\/span>\n\t\t\t\t\t<\/span>\n\t\t\t\t\t<\/a>\n\t\t\t\t<\/div>\n\t\t\t\t\t\t\t\t<\/div>\n\t\t\t\t<\/div>\n\t\t\t\t<div class=\"elementor-element elementor-element-01b94e5 elementor-widget elementor-widget-spacer\" data-id=\"01b94e5\" data-element_type=\"widget\" data-e-type=\"widget\" data-widget_type=\"spacer.default\">\n\t\t\t\t<div class=\"elementor-widget-container\">\n\t\t\t\t\t\t\t<div class=\"elementor-spacer\">\n\t\t\t<div class=\"elementor-spacer-inner\"><\/div>\n\t\t<\/div>\n\t\t\t\t\t\t<\/div>\n\t\t\t\t<\/div>\n\t\t\t\t\t<\/div>\n\t\t<\/div>\n\t\t\t\t\t<\/div>\n\t\t<\/section>\n\t\t\t\t<section class=\"elementor-section elementor-top-section elementor-element elementor-element-1e21b37e elementor-section-stretched elementor-section-boxed elementor-section-height-default elementor-section-height-default\" data-id=\"1e21b37e\" data-element_type=\"section\" data-e-type=\"section\" data-settings=\"{&quot;stretch_section&quot;:&quot;section-stretched&quot;,&quot;background_background&quot;:&quot;classic&quot;}\">\n\t\t\t\t\t\t<div class=\"elementor-container elementor-column-gap-default\">\n\t\t\t\t\t<div class=\"elementor-column elementor-col-100 elementor-top-column elementor-element elementor-element-22b13d43\" data-id=\"22b13d43\" data-element_type=\"column\" data-e-type=\"column\">\n\t\t\t<div class=\"elementor-widget-wrap elementor-element-populated\">\n\t\t\t\t\t\t<div class=\"elementor-element elementor-element-6e75521f elementor-widget elementor-widget-heading\" data-id=\"6e75521f\" data-element_type=\"widget\" data-e-type=\"widget\" data-widget_type=\"heading.default\">\n\t\t\t\t<div class=\"elementor-widget-container\">\n\t\t\t\t\t<h3 class=\"elementor-heading-title elementor-size-default\">Envie d'en savoir plus sur les + Leasia ?<\/h3>\t\t\t\t<\/div>\n\t\t\t\t<\/div>\n\t\t\t\t<div class=\"elementor-element elementor-element-5ad7da97 elementor-skin-coverflow elementor-arrows-yes elementor-pagination-type-bullets elementor-pagination-position-outside elementor-widget elementor-widget-media-carousel\" data-id=\"5ad7da97\" data-element_type=\"widget\" data-e-type=\"widget\" data-settings=\"{&quot;skin&quot;:&quot;coverflow&quot;,&quot;show_arrows&quot;:&quot;yes&quot;,&quot;pagination&quot;:&quot;bullets&quot;,&quot;speed&quot;:500,&quot;autoplay&quot;:&quot;yes&quot;,&quot;autoplay_speed&quot;:5000,&quot;loop&quot;:&quot;yes&quot;,&quot;pause_on_hover&quot;:&quot;yes&quot;,&quot;pause_on_interaction&quot;:&quot;yes&quot;,&quot;space_between&quot;:{&quot;unit&quot;:&quot;px&quot;,&quot;size&quot;:10,&quot;sizes&quot;:[]},&quot;space_between_tablet&quot;:{&quot;unit&quot;:&quot;px&quot;,&quot;size&quot;:10,&quot;sizes&quot;:[]},&quot;space_between_mobile&quot;:{&quot;unit&quot;:&quot;px&quot;,&quot;size&quot;:10,&quot;sizes&quot;:[]}}\" data-widget_type=\"media-carousel.default\">\n\t\t\t\t<div class=\"elementor-widget-container\">\n\t\t\t\t\t\t\t\t\t<div class=\"elementor-swiper\">\n\t\t\t\t\t<div class=\"elementor-main-swiper swiper\" role=\"region\" aria-roledescription=\"carousel\" aria-label=\"Diapositives\">\n\t\t\t\t<div class=\"swiper-wrapper\">\n\t\t\t\t\t\t\t\t\t\t\t<div class=\"swiper-slide\" role=\"group\" aria-roledescription=\"slide\">\n\t\t\t\t\t\t\t<a href=\"https:\/\/leasia.fr\/?page_id=6172\">\t\t<div class=\"elementor-carousel-image\" role=\"img\" aria-label=\"Application\" style=\"background-image: url(&#039;https:\/\/i0.wp.com\/leasia.fr\/wp-content\/uploads\/2022\/07\/Application-.jpg?fit=1200%2C1200&amp;ssl=1&#039;)\">\n\n\t\t\t\n\t\t\t\t\t<\/div>\n\t\t<\/a>\t\t\t\t\t\t<\/div>\n\t\t\t\t\t\t\t\t\t\t\t<div class=\"swiper-slide\" role=\"group\" aria-roledescription=\"slide\">\n\t\t\t\t\t\t\t<a href=\"https:\/\/leasia.fr\/?page_id=6183\">\t\t<div class=\"elementor-carousel-image\" role=\"img\" aria-label=\"Formation de vos commerciaux\" style=\"background-image: url(&#039;https:\/\/i0.wp.com\/leasia.fr\/wp-content\/uploads\/2022\/07\/94.jpg?fit=1200%2C1200&amp;ssl=1&#039;)\">\n\n\t\t\t\n\t\t\t\t\t<\/div>\n\t\t<\/a>\t\t\t\t\t\t<\/div>\n\t\t\t\t\t\t\t\t\t\t\t<div class=\"swiper-slide\" role=\"group\" aria-roledescription=\"slide\">\n\t\t\t\t\t\t\t<a href=\"https:\/\/leasia.fr\/?page_id=6173\">\t\t<div class=\"elementor-carousel-image\" role=\"img\" aria-label=\"Signature\" style=\"background-image: url(&#039;https:\/\/i0.wp.com\/leasia.fr\/wp-content\/uploads\/2022\/07\/Signature-.jpg?fit=1200%2C579&amp;ssl=1&#039;)\">\n\n\t\t\t\n\t\t\t\t\t<\/div>\n\t\t<\/a>\t\t\t\t\t\t<\/div>\n\t\t\t\t\t\t\t\t\t\t\t<div class=\"swiper-slide\" role=\"group\" aria-roledescription=\"slide\">\n\t\t\t\t\t\t\t<a href=\"https:\/\/leasia.fr\/?page_id=6200\">\t\t<div class=\"elementor-carousel-image\" role=\"img\" aria-label=\"Extranet\" style=\"background-image: url(&#039;https:\/\/i0.wp.com\/leasia.fr\/wp-content\/uploads\/2022\/07\/Extranet-.jpg?fit=1183%2C784&amp;ssl=1&#039;)\">\n\n\t\t\t\n\t\t\t\t\t<\/div>\n\t\t<\/a>\t\t\t\t\t\t<\/div>\n\t\t\t\t\t\t\t\t\t\t\t<div class=\"swiper-slide\" role=\"group\" aria-roledescription=\"slide\">\n\t\t\t\t\t\t\t<a href=\"https:\/\/leasia.fr\/?page_id=6188\">\t\t<div class=\"elementor-carousel-image\" role=\"img\" aria-label=\"Montage complexe\" style=\"background-image: url(&#039;https:\/\/i0.wp.com\/leasia.fr\/wp-content\/uploads\/2022\/07\/93.jpg?fit=1200%2C635&amp;ssl=1&#039;)\">\n\n\t\t\t\n\t\t\t\t\t<\/div>\n\t\t<\/a>\t\t\t\t\t\t<\/div>\n\t\t\t\t\t\t\t\t\t<\/div>\n\t\t\t\t\t\t\t\t\t\t\t\t\t\t\t<div class=\"elementor-swiper-button elementor-swiper-button-prev\" role=\"button\" tabindex=\"0\" aria-label=\"Pr\u00e9c\u00e9dent\">\n\t\t\t\t\t\t\t<i aria-hidden=\"true\" class=\"eicon-chevron-left\"><\/i>\t\t\t\t\t\t<\/div>\n\t\t\t\t\t\t<div class=\"elementor-swiper-button elementor-swiper-button-next\" role=\"button\" tabindex=\"0\" aria-label=\"Suivant\">\n\t\t\t\t\t\t\t<i aria-hidden=\"true\" class=\"eicon-chevron-right\"><\/i>\t\t\t\t\t\t<\/div>\n\t\t\t\t\t\t\t\t\t\t\t\t\t\t\t\t<div class=\"swiper-pagination\"><\/div>\n\t\t\t\t\t\t\t\t\t\t\t\t<\/div>\n\t\t\t\t<\/div>\n\t\t\t\t\t\t\t\t<\/div>\n\t\t\t\t<\/div>\n\t\t\t\t\t<\/div>\n\t\t<\/div>\n\t\t\t\t\t<\/div>\n\t\t<\/section>\n\t\t\t\t<\/div>\n\t\t","protected":false},"excerpt":{"rendered":"<p>Montage complexe Vous \u00eates souvent confront\u00e9s \u00e0 des refus lors de vos demandes de financement ? La cause : un montant de financement beaucoup trop \u00e9lev\u00e9 pour vos partenaires financier. Avec LEASIA, vous avez une solution afin de vous permettre de faire financer vos \u00e9quipements professionnels. Gr\u00e2ce \u00e0 la diversit\u00e9 des bailleurs qui travaillent avec [&hellip;]<\/p>\n","protected":false},"author":1,"featured_media":7730,"parent":0,"menu_order":0,"comment_status":"closed","ping_status":"closed","template":"","meta":{"jetpack_post_was_ever_published":false,"footnotes":""},"class_list":["post-6188","page","type-page","status-publish","has-post-thumbnail","hentry"],"yoast_head":"<!-- This site is optimized with the Yoast SEO plugin v27.1.1 - https:\/\/yoast.com\/product\/yoast-seo-wordpress\/ -->\n<title>Montage complexe - Leasia<\/title>\n<meta name=\"description\" content=\"Gr\u00e2ce \u00e0 la diversit\u00e9 des bailleurs qui travaillent avec LEASIA, nous sommes en capacit\u00e9 d\u2019\u00e9laborer des montages complexes.\" \/>\n<meta name=\"robots\" content=\"index, follow, max-snippet:-1, max-image-preview:large, max-video-preview:-1\" \/>\n<link rel=\"canonical\" href=\"https:\/\/leasia.fr\/?page_id=6188\" \/>\n<meta property=\"og:locale\" content=\"fr_FR\" \/>\n<meta property=\"og:type\" content=\"article\" \/>\n<meta property=\"og:title\" content=\"Montage complexe - Leasia\" \/>\n<meta property=\"og:description\" content=\"Gr\u00e2ce \u00e0 la diversit\u00e9 des bailleurs qui travaillent avec LEASIA, nous sommes en capacit\u00e9 d\u2019\u00e9laborer des montages complexes.\" \/>\n<meta property=\"og:url\" content=\"https:\/\/leasia.fr\/?page_id=6188\" \/>\n<meta property=\"og:site_name\" content=\"Leasia\" \/>\n<meta property=\"article:publisher\" content=\"https:\/\/www.facebook.com\/LeasiaSAS\/\" \/>\n<meta property=\"article:modified_time\" content=\"2022-07-06T09:09:47+00:00\" \/>\n<meta property=\"og:image\" content=\"https:\/\/i0.wp.com\/leasia.fr\/wp-content\/uploads\/2022\/07\/iStock-1202205418-scaled.jpg?fit=2560%2C1351&ssl=1\" \/>\n\t<meta property=\"og:image:width\" content=\"2560\" \/>\n\t<meta property=\"og:image:height\" content=\"1351\" \/>\n\t<meta property=\"og:image:type\" content=\"image\/jpeg\" \/>\n<meta name=\"twitter:card\" content=\"summary_large_image\" \/>\n<meta name=\"twitter:label1\" content=\"Dur\u00e9e de lecture estim\u00e9e\" \/>\n\t<meta name=\"twitter:data1\" content=\"1 minute\" \/>\n<script type=\"application\/ld+json\" class=\"yoast-schema-graph\">{\"@context\":\"https:\/\/schema.org\",\"@graph\":[{\"@type\":\"WebPage\",\"@id\":\"https:\/\/leasia.fr\/?page_id=6188\",\"url\":\"https:\/\/leasia.fr\/?page_id=6188\",\"name\":\"Montage complexe - Leasia\",\"isPartOf\":{\"@id\":\"https:\/\/leasia.fr\/#website\"},\"primaryImageOfPage\":{\"@id\":\"https:\/\/leasia.fr\/?page_id=6188#primaryimage\"},\"image\":{\"@id\":\"https:\/\/leasia.fr\/?page_id=6188#primaryimage\"},\"thumbnailUrl\":\"https:\/\/i0.wp.com\/leasia.fr\/wp-content\/uploads\/2022\/07\/iStock-1202205418-scaled.jpg?fit=2560%2C1351&ssl=1\",\"datePublished\":\"2022-06-13T15:26:14+00:00\",\"dateModified\":\"2022-07-06T09:09:47+00:00\",\"description\":\"Gr\u00e2ce \u00e0 la diversit\u00e9 des bailleurs qui travaillent avec LEASIA, nous sommes en capacit\u00e9 d\u2019\u00e9laborer des montages complexes.\",\"inLanguage\":\"fr-FR\",\"potentialAction\":[{\"@type\":\"ReadAction\",\"target\":[\"https:\/\/leasia.fr\/?page_id=6188\"]}]},{\"@type\":\"ImageObject\",\"inLanguage\":\"fr-FR\",\"@id\":\"https:\/\/leasia.fr\/?page_id=6188#primaryimage\",\"url\":\"https:\/\/i0.wp.com\/leasia.fr\/wp-content\/uploads\/2022\/07\/iStock-1202205418-scaled.jpg?fit=2560%2C1351&ssl=1\",\"contentUrl\":\"https:\/\/i0.wp.com\/leasia.fr\/wp-content\/uploads\/2022\/07\/iStock-1202205418-scaled.jpg?fit=2560%2C1351&ssl=1\",\"width\":2560,\"height\":1351,\"caption\":\"Montage complexe\"},{\"@type\":\"WebSite\",\"@id\":\"https:\/\/leasia.fr\/#website\",\"url\":\"https:\/\/leasia.fr\/\",\"name\":\"Leasia\",\"description\":\"Votre partenaire financier\",\"publisher\":{\"@id\":\"https:\/\/leasia.fr\/#organization\"},\"potentialAction\":[{\"@type\":\"SearchAction\",\"target\":{\"@type\":\"EntryPoint\",\"urlTemplate\":\"https:\/\/leasia.fr\/?s={search_term_string}\"},\"query-input\":{\"@type\":\"PropertyValueSpecification\",\"valueRequired\":true,\"valueName\":\"search_term_string\"}}],\"inLanguage\":\"fr-FR\"},{\"@type\":\"Organization\",\"@id\":\"https:\/\/leasia.fr\/#organization\",\"name\":\"Leasia\",\"url\":\"https:\/\/leasia.fr\/\",\"logo\":{\"@type\":\"ImageObject\",\"inLanguage\":\"fr-FR\",\"@id\":\"https:\/\/leasia.fr\/#\/schema\/logo\/image\/\",\"url\":\"https:\/\/i0.wp.com\/leasia.fr\/wp-content\/uploads\/2023\/01\/image005.jpg?fit=45%2C45&ssl=1\",\"contentUrl\":\"https:\/\/i0.wp.com\/leasia.fr\/wp-content\/uploads\/2023\/01\/image005.jpg?fit=45%2C45&ssl=1\",\"width\":45,\"height\":45,\"caption\":\"Leasia\"},\"image\":{\"@id\":\"https:\/\/leasia.fr\/#\/schema\/logo\/image\/\"},\"sameAs\":[\"https:\/\/www.facebook.com\/LeasiaSAS\/\",\"https:\/\/www.linkedin.com\/company\/leasia\/?originalSubdomain=fr\"]}]}<\/script>\n<!-- \/ Yoast SEO plugin. -->","yoast_head_json":{"title":"Montage complexe - Leasia","description":"Gr\u00e2ce \u00e0 la diversit\u00e9 des bailleurs qui travaillent avec LEASIA, nous sommes en capacit\u00e9 d\u2019\u00e9laborer des montages complexes.","robots":{"index":"index","follow":"follow","max-snippet":"max-snippet:-1","max-image-preview":"max-image-preview:large","max-video-preview":"max-video-preview:-1"},"canonical":"https:\/\/leasia.fr\/?page_id=6188","og_locale":"fr_FR","og_type":"article","og_title":"Montage complexe - Leasia","og_description":"Gr\u00e2ce \u00e0 la diversit\u00e9 des bailleurs qui travaillent avec LEASIA, nous sommes en capacit\u00e9 d\u2019\u00e9laborer des montages complexes.","og_url":"https:\/\/leasia.fr\/?page_id=6188","og_site_name":"Leasia","article_publisher":"https:\/\/www.facebook.com\/LeasiaSAS\/","article_modified_time":"2022-07-06T09:09:47+00:00","og_image":[{"width":2560,"height":1351,"url":"https:\/\/i0.wp.com\/leasia.fr\/wp-content\/uploads\/2022\/07\/iStock-1202205418-scaled.jpg?fit=2560%2C1351&ssl=1","type":"image\/jpeg"}],"twitter_card":"summary_large_image","twitter_misc":{"Dur\u00e9e de lecture estim\u00e9e":"1 minute"},"schema":{"@context":"https:\/\/schema.org","@graph":[{"@type":"WebPage","@id":"https:\/\/leasia.fr\/?page_id=6188","url":"https:\/\/leasia.fr\/?page_id=6188","name":"Montage complexe - Leasia","isPartOf":{"@id":"https:\/\/leasia.fr\/#website"},"primaryImageOfPage":{"@id":"https:\/\/leasia.fr\/?page_id=6188#primaryimage"},"image":{"@id":"https:\/\/leasia.fr\/?page_id=6188#primaryimage"},"thumbnailUrl":"https:\/\/i0.wp.com\/leasia.fr\/wp-content\/uploads\/2022\/07\/iStock-1202205418-scaled.jpg?fit=2560%2C1351&ssl=1","datePublished":"2022-06-13T15:26:14+00:00","dateModified":"2022-07-06T09:09:47+00:00","description":"Gr\u00e2ce \u00e0 la diversit\u00e9 des bailleurs qui travaillent avec LEASIA, nous sommes en capacit\u00e9 d\u2019\u00e9laborer des montages complexes.","inLanguage":"fr-FR","potentialAction":[{"@type":"ReadAction","target":["https:\/\/leasia.fr\/?page_id=6188"]}]},{"@type":"ImageObject","inLanguage":"fr-FR","@id":"https:\/\/leasia.fr\/?page_id=6188#primaryimage","url":"https:\/\/i0.wp.com\/leasia.fr\/wp-content\/uploads\/2022\/07\/iStock-1202205418-scaled.jpg?fit=2560%2C1351&ssl=1","contentUrl":"https:\/\/i0.wp.com\/leasia.fr\/wp-content\/uploads\/2022\/07\/iStock-1202205418-scaled.jpg?fit=2560%2C1351&ssl=1","width":2560,"height":1351,"caption":"Montage complexe"},{"@type":"WebSite","@id":"https:\/\/leasia.fr\/#website","url":"https:\/\/leasia.fr\/","name":"Leasia","description":"Votre partenaire financier","publisher":{"@id":"https:\/\/leasia.fr\/#organization"},"potentialAction":[{"@type":"SearchAction","target":{"@type":"EntryPoint","urlTemplate":"https:\/\/leasia.fr\/?s={search_term_string}"},"query-input":{"@type":"PropertyValueSpecification","valueRequired":true,"valueName":"search_term_string"}}],"inLanguage":"fr-FR"},{"@type":"Organization","@id":"https:\/\/leasia.fr\/#organization","name":"Leasia","url":"https:\/\/leasia.fr\/","logo":{"@type":"ImageObject","inLanguage":"fr-FR","@id":"https:\/\/leasia.fr\/#\/schema\/logo\/image\/","url":"https:\/\/i0.wp.com\/leasia.fr\/wp-content\/uploads\/2023\/01\/image005.jpg?fit=45%2C45&ssl=1","contentUrl":"https:\/\/i0.wp.com\/leasia.fr\/wp-content\/uploads\/2023\/01\/image005.jpg?fit=45%2C45&ssl=1","width":45,"height":45,"caption":"Leasia"},"image":{"@id":"https:\/\/leasia.fr\/#\/schema\/logo\/image\/"},"sameAs":["https:\/\/www.facebook.com\/LeasiaSAS\/","https:\/\/www.linkedin.com\/company\/leasia\/?originalSubdomain=fr"]}]}},"jetpack_shortlink":"https:\/\/wp.me\/P9IR2y-1BO","jetpack_sharing_enabled":true,"_links":{"self":[{"href":"https:\/\/leasia.fr\/index.php?rest_route=\/wp\/v2\/pages\/6188","targetHints":{"allow":["GET"]}}],"collection":[{"href":"https:\/\/leasia.fr\/index.php?rest_route=\/wp\/v2\/pages"}],"about":[{"href":"https:\/\/leasia.fr\/index.php?rest_route=\/wp\/v2\/types\/page"}],"author":[{"embeddable":true,"href":"https:\/\/leasia.fr\/index.php?rest_route=\/wp\/v2\/users\/1"}],"replies":[{"embeddable":true,"href":"https:\/\/leasia.fr\/index.php?rest_route=%2Fwp%2Fv2%2Fcomments&post=6188"}],"version-history":[{"count":56,"href":"https:\/\/leasia.fr\/index.php?rest_route=\/wp\/v2\/pages\/6188\/revisions"}],"predecessor-version":[{"id":7771,"href":"https:\/\/leasia.fr\/index.php?rest_route=\/wp\/v2\/pages\/6188\/revisions\/7771"}],"wp:featuredmedia":[{"embeddable":true,"href":"https:\/\/leasia.fr\/index.php?rest_route=\/wp\/v2\/media\/7730"}],"wp:attachment":[{"href":"https:\/\/leasia.fr\/index.php?rest_route=%2Fwp%2Fv2%2Fmedia&parent=6188"}],"curies":[{"name":"wp","href":"https:\/\/api.w.org\/{rel}","templated":true}]}}