{"id":6647,"date":"2022-05-20T10:49:30","date_gmt":"2022-05-20T08:49:30","guid":{"rendered":"https:\/\/leasia.fr\/?page_id=6647"},"modified":"2024-10-16T17:33:38","modified_gmt":"2024-10-16T15:33:38","slug":"simulateur-de-financement-leasia","status":"publish","type":"page","link":"https:\/\/leasia.fr\/?page_id=6647","title":{"rendered":"Simulateur de financement Leasia"},"content":{"rendered":"\t\t<div data-elementor-type=\"wp-post\" data-elementor-id=\"6647\" class=\"elementor elementor-6647\" data-elementor-post-type=\"page\">\n\t\t\t\t\t\t<section class=\"elementor-section elementor-top-section elementor-element elementor-element-0c1ed2f elementor-section-height-min-height elementor-section-stretched elementor-section-boxed elementor-section-height-default elementor-section-items-middle\" data-id=\"0c1ed2f\" data-element_type=\"section\" data-e-type=\"section\" data-settings=\"{&quot;stretch_section&quot;:&quot;section-stretched&quot;,&quot;background_background&quot;:&quot;classic&quot;}\">\n\t\t\t\t\t\t<div class=\"elementor-container elementor-column-gap-default\">\n\t\t\t\t\t<div class=\"elementor-column elementor-col-100 elementor-top-column elementor-element elementor-element-54160da\" data-id=\"54160da\" data-element_type=\"column\" data-e-type=\"column\">\n\t\t\t<div class=\"elementor-widget-wrap elementor-element-populated\">\n\t\t\t\t\t\t<div class=\"elementor-element elementor-element-85a4922 elementor-widget elementor-widget-heading\" data-id=\"85a4922\" data-element_type=\"widget\" data-e-type=\"widget\" data-widget_type=\"heading.default\">\n\t\t\t\t<div class=\"elementor-widget-container\">\n\t\t\t\t\t<h1 class=\"elementor-heading-title elementor-size-default\"><b>Le simulateur de financement Leasia<\/b><\/h1>\t\t\t\t<\/div>\n\t\t\t\t<\/div>\n\t\t\t\t\t<\/div>\n\t\t<\/div>\n\t\t\t\t\t<\/div>\n\t\t<\/section>\n\t\t\t\t<section class=\"elementor-section elementor-top-section elementor-element elementor-element-3752f7f elementor-section-boxed elementor-section-height-default elementor-section-height-default\" data-id=\"3752f7f\" data-element_type=\"section\" data-e-type=\"section\">\n\t\t\t\t\t\t<div class=\"elementor-container elementor-column-gap-default\">\n\t\t\t\t\t<div class=\"elementor-column elementor-col-100 elementor-top-column elementor-element elementor-element-a4b79eb\" data-id=\"a4b79eb\" data-element_type=\"column\" data-e-type=\"column\">\n\t\t\t<div class=\"elementor-widget-wrap elementor-element-populated\">\n\t\t\t\t\t\t<div class=\"elementor-element elementor-element-061c906 elementor-widget elementor-widget-spacer\" data-id=\"061c906\" data-element_type=\"widget\" data-e-type=\"widget\" data-widget_type=\"spacer.default\">\n\t\t\t\t<div class=\"elementor-widget-container\">\n\t\t\t\t\t\t\t<div class=\"elementor-spacer\">\n\t\t\t<div class=\"elementor-spacer-inner\"><\/div>\n\t\t<\/div>\n\t\t\t\t\t\t<\/div>\n\t\t\t\t<\/div>\n\t\t\t\t<div class=\"elementor-element elementor-element-3cc0795 elementor-widget elementor-widget-image\" data-id=\"3cc0795\" data-element_type=\"widget\" data-e-type=\"widget\" data-widget_type=\"image.default\">\n\t\t\t\t<div class=\"elementor-widget-container\">\n\t\t\t\t\t\t\t\t\t\t\t\t\t\t\t<img fetchpriority=\"high\" decoding=\"async\" data-attachment-id=\"6262\" data-permalink=\"https:\/\/leasia.fr\/?attachment_id=6262\" data-orig-file=\"https:\/\/i0.wp.com\/leasia.fr\/wp-content\/uploads\/2022\/04\/La-location-financiere.jpg?fit=1200%2C1200&amp;ssl=1\" data-orig-size=\"1200,1200\" data-comments-opened=\"0\" data-image-meta=\"{&quot;aperture&quot;:&quot;0&quot;,&quot;credit&quot;:&quot;&quot;,&quot;camera&quot;:&quot;&quot;,&quot;caption&quot;:&quot;&quot;,&quot;created_timestamp&quot;:&quot;0&quot;,&quot;copyright&quot;:&quot;&quot;,&quot;focal_length&quot;:&quot;0&quot;,&quot;iso&quot;:&quot;0&quot;,&quot;shutter_speed&quot;:&quot;0&quot;,&quot;title&quot;:&quot;&quot;,&quot;orientation&quot;:&quot;0&quot;}\" data-image-title=\"La location financi\u00e8re\" data-image-description=\"\" data-image-caption=\"\" data-large-file=\"https:\/\/i0.wp.com\/leasia.fr\/wp-content\/uploads\/2022\/04\/La-location-financiere.jpg?fit=800%2C800&amp;ssl=1\" width=\"768\" height=\"768\" src=\"https:\/\/i0.wp.com\/leasia.fr\/wp-content\/uploads\/2022\/04\/La-location-financiere.jpg?fit=768%2C768&amp;ssl=1\" class=\"attachment-medium_large size-medium_large wp-image-6262\" alt=\"\" srcset=\"https:\/\/i0.wp.com\/leasia.fr\/wp-content\/uploads\/2022\/04\/La-location-financiere.jpg?w=1200&amp;ssl=1 1200w, https:\/\/i0.wp.com\/leasia.fr\/wp-content\/uploads\/2022\/04\/La-location-financiere.jpg?resize=300%2C300&amp;ssl=1 300w, https:\/\/i0.wp.com\/leasia.fr\/wp-content\/uploads\/2022\/04\/La-location-financiere.jpg?resize=1024%2C1024&amp;ssl=1 1024w, https:\/\/i0.wp.com\/leasia.fr\/wp-content\/uploads\/2022\/04\/La-location-financiere.jpg?resize=150%2C150&amp;ssl=1 150w, https:\/\/i0.wp.com\/leasia.fr\/wp-content\/uploads\/2022\/04\/La-location-financiere.jpg?resize=768%2C768&amp;ssl=1 768w\" sizes=\"(max-width: 768px) 100vw, 768px\" data-attachment-id=\"6262\" data-permalink=\"https:\/\/leasia.fr\/?attachment_id=6262\" data-orig-file=\"https:\/\/i0.wp.com\/leasia.fr\/wp-content\/uploads\/2022\/04\/La-location-financiere.jpg?fit=1200%2C1200&amp;ssl=1\" data-orig-size=\"1200,1200\" data-comments-opened=\"0\" data-image-meta=\"{&quot;aperture&quot;:&quot;0&quot;,&quot;credit&quot;:&quot;&quot;,&quot;camera&quot;:&quot;&quot;,&quot;caption&quot;:&quot;&quot;,&quot;created_timestamp&quot;:&quot;0&quot;,&quot;copyright&quot;:&quot;&quot;,&quot;focal_length&quot;:&quot;0&quot;,&quot;iso&quot;:&quot;0&quot;,&quot;shutter_speed&quot;:&quot;0&quot;,&quot;title&quot;:&quot;&quot;,&quot;orientation&quot;:&quot;0&quot;}\" data-image-title=\"La location financi\u00e8re\" data-image-description=\"\" data-image-caption=\"\" data-large-file=\"https:\/\/i0.wp.com\/leasia.fr\/wp-content\/uploads\/2022\/04\/La-location-financiere.jpg?fit=800%2C800&amp;ssl=1\" \/>\t\t\t\t\t\t\t\t\t\t\t\t\t\t\t<\/div>\n\t\t\t\t<\/div>\n\t\t\t\t<div class=\"elementor-element elementor-element-5d3c9ac elementor-widget elementor-widget-spacer\" data-id=\"5d3c9ac\" data-element_type=\"widget\" data-e-type=\"widget\" data-widget_type=\"spacer.default\">\n\t\t\t\t<div class=\"elementor-widget-container\">\n\t\t\t\t\t\t\t<div class=\"elementor-spacer\">\n\t\t\t<div class=\"elementor-spacer-inner\"><\/div>\n\t\t<\/div>\n\t\t\t\t\t\t<\/div>\n\t\t\t\t<\/div>\n\t\t\t\t\t<\/div>\n\t\t<\/div>\n\t\t\t\t\t<\/div>\n\t\t<\/section>\n\t\t\t\t<section class=\"elementor-section elementor-top-section elementor-element elementor-element-ea213f5 elementor-section-boxed elementor-section-height-default elementor-section-height-default\" data-id=\"ea213f5\" data-element_type=\"section\" data-e-type=\"section\">\n\t\t\t\t\t\t<div class=\"elementor-container elementor-column-gap-default\">\n\t\t\t\t\t<div class=\"elementor-column elementor-col-100 elementor-top-column elementor-element elementor-element-e47092d\" data-id=\"e47092d\" data-element_type=\"column\" data-e-type=\"column\">\n\t\t\t<div class=\"elementor-widget-wrap elementor-element-populated\">\n\t\t\t\t\t\t<div class=\"elementor-element elementor-element-252d105 elementor-widget elementor-widget-text-editor\" data-id=\"252d105\" data-element_type=\"widget\" data-e-type=\"widget\" data-widget_type=\"text-editor.default\">\n\t\t\t\t<div class=\"elementor-widget-container\">\n\t\t\t\t\t\t\t\t\t<p>Leasia met \u00e0 votre disposition performant et rapide. R\u00e9alisez d\u00e8s \u00e0 pr\u00e9sent vos demandes de financement en ligne ou via notre application mobile Leasia Mobility. Recevez une r\u00e9ponse dans l&rsquo;heure m\u00eame.&nbsp;<\/p>\t\t\t\t\t\t\t\t<\/div>\n\t\t\t\t<\/div>\n\t\t\t\t<div class=\"elementor-element elementor-element-bce0202 elementor-widget elementor-widget-heading\" data-id=\"bce0202\" data-element_type=\"widget\" data-e-type=\"widget\" data-widget_type=\"heading.default\">\n\t\t\t\t<div class=\"elementor-widget-container\">\n\t\t\t\t\t<h2 class=\"elementor-heading-title elementor-size-default\"><b>Les \u00e9tapes apr\u00e8s la demande de financement Leasia<\/b><\/h2>\t\t\t\t<\/div>\n\t\t\t\t<\/div>\n\t\t\t\t<div class=\"elementor-element elementor-element-483b6ea elementor-widget elementor-widget-toggle\" data-id=\"483b6ea\" data-element_type=\"widget\" data-e-type=\"widget\" data-widget_type=\"toggle.default\">\n\t\t\t\t<div class=\"elementor-widget-container\">\n\t\t\t\t\t\t\t<div class=\"elementor-toggle\">\n\t\t\t\t\t\t\t<div class=\"elementor-toggle-item\">\n\t\t\t\t\t<div id=\"elementor-tab-title-7571\" class=\"elementor-tab-title\" data-tab=\"1\" role=\"button\" aria-controls=\"elementor-tab-content-7571\" aria-expanded=\"false\">\n\t\t\t\t\t\t\t\t\t\t\t\t<span class=\"elementor-toggle-icon elementor-toggle-icon-left\" aria-hidden=\"true\">\n\t\t\t\t\t\t\t\t\t\t\t\t\t\t\t<span class=\"elementor-toggle-icon-closed\"><i class=\"fas fa-caret-right\"><\/i><\/span>\n\t\t\t\t\t\t\t\t<span class=\"elementor-toggle-icon-opened\"><i class=\"elementor-toggle-icon-opened fas fa-caret-up\"><\/i><\/span>\n\t\t\t\t\t\t\t\t\t\t\t\t\t<\/span>\n\t\t\t\t\t\t\t\t\t\t\t\t<a class=\"elementor-toggle-title\" tabindex=\"0\">Votre demande est accept\u00e9e<\/a>\n\t\t\t\t\t<\/div>\n\n\t\t\t\t\t<div id=\"elementor-tab-content-7571\" class=\"elementor-tab-content elementor-clearfix\" data-tab=\"1\" role=\"region\" aria-labelledby=\"elementor-tab-title-7571\"><ul><li>Vous recevez par mail une proposition de financement ainsi que les documents contractuels.<\/li><li>D\u00e8s r\u00e9ception du dossier complet, le contrat est mis en place et nous vous r\u00e9glons sous 48 heures.<\/li><li>Vous pouvez ensuite suivre en ligne tous vos dossiers de financement gr\u00e2ce \u00e0 notre reporting personnalis\u00e9.<\/li><\/ul><\/div>\n\t\t\t\t<\/div>\n\t\t\t\t\t\t\t<div class=\"elementor-toggle-item\">\n\t\t\t\t\t<div id=\"elementor-tab-title-7572\" class=\"elementor-tab-title\" data-tab=\"2\" role=\"button\" aria-controls=\"elementor-tab-content-7572\" aria-expanded=\"false\">\n\t\t\t\t\t\t\t\t\t\t\t\t<span class=\"elementor-toggle-icon elementor-toggle-icon-left\" aria-hidden=\"true\">\n\t\t\t\t\t\t\t\t\t\t\t\t\t\t\t<span class=\"elementor-toggle-icon-closed\"><i class=\"fas fa-caret-right\"><\/i><\/span>\n\t\t\t\t\t\t\t\t<span class=\"elementor-toggle-icon-opened\"><i class=\"elementor-toggle-icon-opened fas fa-caret-up\"><\/i><\/span>\n\t\t\t\t\t\t\t\t\t\t\t\t\t<\/span>\n\t\t\t\t\t\t\t\t\t\t\t\t<a class=\"elementor-toggle-title\" tabindex=\"0\">Votre demande est refus\u00e9e<\/a>\n\t\t\t\t\t<\/div>\n\n\t\t\t\t\t<div id=\"elementor-tab-content-7572\" class=\"elementor-tab-content elementor-clearfix\" data-tab=\"2\" role=\"region\" aria-labelledby=\"elementor-tab-title-7572\"><p>Vous \u00eates inform\u00e9 du motif li\u00e9 au refus.<\/p><\/div>\n\t\t\t\t<\/div>\n\t\t\t\t\t\t\t\t<\/div>\n\t\t\t\t\t\t<\/div>\n\t\t\t\t<\/div>\n\t\t\t\t\t<\/div>\n\t\t<\/div>\n\t\t\t\t\t<\/div>\n\t\t<\/section>\n\t\t\t\t<section class=\"elementor-section elementor-top-section elementor-element elementor-element-6102dbf3 elementor-section-boxed elementor-section-height-default elementor-section-height-default\" data-id=\"6102dbf3\" data-element_type=\"section\" data-e-type=\"section\" data-settings=\"{&quot;background_background&quot;:&quot;gradient&quot;}\">\n\t\t\t\t\t\t\t<div class=\"elementor-background-overlay\"><\/div>\n\t\t\t\t\t\t\t<div class=\"elementor-container elementor-column-gap-default\">\n\t\t\t\t\t<div class=\"elementor-column elementor-col-100 elementor-top-column elementor-element elementor-element-4181f2ea\" data-id=\"4181f2ea\" data-element_type=\"column\" data-e-type=\"column\">\n\t\t\t<div class=\"elementor-widget-wrap elementor-element-populated\">\n\t\t\t\t\t\t<div class=\"elementor-element elementor-element-5f5f15b1 elementor-cta--layout-image-above elementor-cta--skin-classic elementor-animated-content elementor-bg-transform elementor-bg-transform-zoom-in elementor-invisible elementor-widget elementor-widget-call-to-action\" data-id=\"5f5f15b1\" data-element_type=\"widget\" data-e-type=\"widget\" data-settings=\"{&quot;_animation&quot;:&quot;fadeIn&quot;}\" data-widget_type=\"call-to-action.default\">\n\t\t\t\t<div class=\"elementor-widget-container\">\n\t\t\t\t\t\t\t<div class=\"elementor-cta\">\n\t\t\t\t\t\t\t<div class=\"elementor-cta__content\">\n\t\t\t\t\n\t\t\t\t\t\t\t\t\t<h2 class=\"elementor-cta__title elementor-cta__content-item elementor-content-item\">\n\t\t\t\t\t\t<b>LE SIMULATEUR DE FINANCEMENT LEASIA<\/b>\t\t\t\t\t<\/h2>\n\t\t\t\t\n\t\t\t\t\t\t\t\t\t<div class=\"elementor-cta__description elementor-cta__content-item elementor-content-item\">\n\t\t\t\t\t\tR\u00e9alisez une demande de financement d\u00e8s maintenant et recevez une r\u00e9ponse dans l'heure m\u00eame !\t\t\t\t\t<\/div>\n\t\t\t\t\n\t\t\t\t\t\t\t\t\t<div class=\"elementor-cta__button-wrapper elementor-cta__content-item elementor-content-item \">\n\t\t\t\t\t<a class=\"elementor-cta__button elementor-button elementor-size-\" href=\"https:\/\/app.leasia.fr\/\" target=\"_blank\">\n\t\t\t\t\t\tCliquez ici\t\t\t\t\t<\/a>\n\t\t\t\t\t<\/div>\n\t\t\t\t\t\t\t<\/div>\n\t\t\t\t\t\t<\/div>\n\t\t\t\t\t\t<\/div>\n\t\t\t\t<\/div>\n\t\t\t\t\t<\/div>\n\t\t<\/div>\n\t\t\t\t\t<\/div>\n\t\t<\/section>\n\t\t\t\t<\/div>\n\t\t","protected":false},"excerpt":{"rendered":"<p>Le simulateur de financement Leasia Leasia met \u00e0 votre disposition performant et rapide. R\u00e9alisez d\u00e8s \u00e0 pr\u00e9sent vos demandes de financement en ligne ou via notre application mobile Leasia Mobility. Recevez une r\u00e9ponse dans l&rsquo;heure m\u00eame.&nbsp; Les \u00e9tapes apr\u00e8s la demande de financement Leasia Votre demande est accept\u00e9e Vous recevez par mail une proposition de [&hellip;]<\/p>\n","protected":false},"author":1,"featured_media":0,"parent":0,"menu_order":0,"comment_status":"closed","ping_status":"closed","template":"","meta":{"jetpack_post_was_ever_published":false,"footnotes":""},"class_list":["post-6647","page","type-page","status-publish","hentry"],"yoast_head":"<!-- This site is optimized with the Yoast SEO plugin v27.4 - https:\/\/yoast.com\/product\/yoast-seo-wordpress\/ -->\n<title>Simulateur de financement Leasia - Leasia<\/title>\n<meta name=\"robots\" content=\"index, follow, max-snippet:-1, max-image-preview:large, max-video-preview:-1\" \/>\n<link rel=\"canonical\" href=\"https:\/\/leasia.fr\/?page_id=6647\" \/>\n<meta property=\"og:locale\" content=\"fr_FR\" \/>\n<meta property=\"og:type\" content=\"article\" \/>\n<meta property=\"og:title\" content=\"Simulateur de financement Leasia - Leasia\" \/>\n<meta property=\"og:description\" content=\"Le simulateur de financement Leasia Leasia met \u00e0 votre disposition performant et rapide. R\u00e9alisez d\u00e8s \u00e0 pr\u00e9sent vos demandes de financement en ligne ou via notre application mobile Leasia Mobility. Recevez une r\u00e9ponse dans l&rsquo;heure m\u00eame.&nbsp; Les \u00e9tapes apr\u00e8s la demande de financement Leasia Votre demande est accept\u00e9e Vous recevez par mail une proposition de [&hellip;]\" \/>\n<meta property=\"og:url\" content=\"https:\/\/leasia.fr\/?page_id=6647\" \/>\n<meta property=\"og:site_name\" content=\"Leasia\" \/>\n<meta property=\"article:publisher\" content=\"https:\/\/www.facebook.com\/LeasiaSAS\/\" \/>\n<meta property=\"article:modified_time\" content=\"2024-10-16T15:33:38+00:00\" \/>\n<meta property=\"og:image\" content=\"http:\/\/leasia.fr\/wp-content\/uploads\/2022\/04\/La-location-financiere-768x768.jpg\" \/>\n<meta name=\"twitter:card\" content=\"summary_large_image\" \/>\n<meta name=\"twitter:label1\" content=\"Dur\u00e9e de lecture estim\u00e9e\" \/>\n\t<meta name=\"twitter:data1\" content=\"1 minute\" \/>\n<script type=\"application\/ld+json\" class=\"yoast-schema-graph\">{\"@context\":\"https:\\\/\\\/schema.org\",\"@graph\":[{\"@type\":\"WebPage\",\"@id\":\"https:\\\/\\\/leasia.fr\\\/?page_id=6647\",\"url\":\"https:\\\/\\\/leasia.fr\\\/?page_id=6647\",\"name\":\"Simulateur de financement Leasia - Leasia\",\"isPartOf\":{\"@id\":\"https:\\\/\\\/leasia.fr\\\/#website\"},\"primaryImageOfPage\":{\"@id\":\"https:\\\/\\\/leasia.fr\\\/?page_id=6647#primaryimage\"},\"image\":{\"@id\":\"https:\\\/\\\/leasia.fr\\\/?page_id=6647#primaryimage\"},\"thumbnailUrl\":\"http:\\\/\\\/leasia.fr\\\/wp-content\\\/uploads\\\/2022\\\/04\\\/La-location-financiere-768x768.jpg\",\"datePublished\":\"2022-05-20T08:49:30+00:00\",\"dateModified\":\"2024-10-16T15:33:38+00:00\",\"inLanguage\":\"fr-FR\",\"potentialAction\":[{\"@type\":\"ReadAction\",\"target\":[\"https:\\\/\\\/leasia.fr\\\/?page_id=6647\"]}]},{\"@type\":\"ImageObject\",\"inLanguage\":\"fr-FR\",\"@id\":\"https:\\\/\\\/leasia.fr\\\/?page_id=6647#primaryimage\",\"url\":\"https:\\\/\\\/i0.wp.com\\\/leasia.fr\\\/wp-content\\\/uploads\\\/2022\\\/04\\\/La-location-financiere.jpg?fit=1200%2C1200&ssl=1\",\"contentUrl\":\"https:\\\/\\\/i0.wp.com\\\/leasia.fr\\\/wp-content\\\/uploads\\\/2022\\\/04\\\/La-location-financiere.jpg?fit=1200%2C1200&ssl=1\",\"width\":1200,\"height\":1200},{\"@type\":\"WebSite\",\"@id\":\"https:\\\/\\\/leasia.fr\\\/#website\",\"url\":\"https:\\\/\\\/leasia.fr\\\/\",\"name\":\"Leasia\",\"description\":\"Votre partenaire financier\",\"publisher\":{\"@id\":\"https:\\\/\\\/leasia.fr\\\/#organization\"},\"potentialAction\":[{\"@type\":\"SearchAction\",\"target\":{\"@type\":\"EntryPoint\",\"urlTemplate\":\"https:\\\/\\\/leasia.fr\\\/?s={search_term_string}\"},\"query-input\":{\"@type\":\"PropertyValueSpecification\",\"valueRequired\":true,\"valueName\":\"search_term_string\"}}],\"inLanguage\":\"fr-FR\"},{\"@type\":\"Organization\",\"@id\":\"https:\\\/\\\/leasia.fr\\\/#organization\",\"name\":\"Leasia\",\"url\":\"https:\\\/\\\/leasia.fr\\\/\",\"logo\":{\"@type\":\"ImageObject\",\"inLanguage\":\"fr-FR\",\"@id\":\"https:\\\/\\\/leasia.fr\\\/#\\\/schema\\\/logo\\\/image\\\/\",\"url\":\"https:\\\/\\\/i0.wp.com\\\/leasia.fr\\\/wp-content\\\/uploads\\\/2023\\\/01\\\/image005.jpg?fit=45%2C45&ssl=1\",\"contentUrl\":\"https:\\\/\\\/i0.wp.com\\\/leasia.fr\\\/wp-content\\\/uploads\\\/2023\\\/01\\\/image005.jpg?fit=45%2C45&ssl=1\",\"width\":45,\"height\":45,\"caption\":\"Leasia\"},\"image\":{\"@id\":\"https:\\\/\\\/leasia.fr\\\/#\\\/schema\\\/logo\\\/image\\\/\"},\"sameAs\":[\"https:\\\/\\\/www.facebook.com\\\/LeasiaSAS\\\/\",\"https:\\\/\\\/www.linkedin.com\\\/company\\\/leasia\\\/?originalSubdomain=fr\"]}]}<\/script>\n<!-- \/ Yoast SEO plugin. -->","yoast_head_json":{"title":"Simulateur de financement Leasia - Leasia","robots":{"index":"index","follow":"follow","max-snippet":"max-snippet:-1","max-image-preview":"max-image-preview:large","max-video-preview":"max-video-preview:-1"},"canonical":"https:\/\/leasia.fr\/?page_id=6647","og_locale":"fr_FR","og_type":"article","og_title":"Simulateur de financement Leasia - Leasia","og_description":"Le simulateur de financement Leasia Leasia met \u00e0 votre disposition performant et rapide. R\u00e9alisez d\u00e8s \u00e0 pr\u00e9sent vos demandes de financement en ligne ou via notre application mobile Leasia Mobility. Recevez une r\u00e9ponse dans l&rsquo;heure m\u00eame.&nbsp; Les \u00e9tapes apr\u00e8s la demande de financement Leasia Votre demande est accept\u00e9e Vous recevez par mail une proposition de [&hellip;]","og_url":"https:\/\/leasia.fr\/?page_id=6647","og_site_name":"Leasia","article_publisher":"https:\/\/www.facebook.com\/LeasiaSAS\/","article_modified_time":"2024-10-16T15:33:38+00:00","og_image":[{"url":"http:\/\/leasia.fr\/wp-content\/uploads\/2022\/04\/La-location-financiere-768x768.jpg","type":"","width":"","height":""}],"twitter_card":"summary_large_image","twitter_misc":{"Dur\u00e9e de lecture estim\u00e9e":"1 minute"},"schema":{"@context":"https:\/\/schema.org","@graph":[{"@type":"WebPage","@id":"https:\/\/leasia.fr\/?page_id=6647","url":"https:\/\/leasia.fr\/?page_id=6647","name":"Simulateur de financement Leasia - Leasia","isPartOf":{"@id":"https:\/\/leasia.fr\/#website"},"primaryImageOfPage":{"@id":"https:\/\/leasia.fr\/?page_id=6647#primaryimage"},"image":{"@id":"https:\/\/leasia.fr\/?page_id=6647#primaryimage"},"thumbnailUrl":"http:\/\/leasia.fr\/wp-content\/uploads\/2022\/04\/La-location-financiere-768x768.jpg","datePublished":"2022-05-20T08:49:30+00:00","dateModified":"2024-10-16T15:33:38+00:00","inLanguage":"fr-FR","potentialAction":[{"@type":"ReadAction","target":["https:\/\/leasia.fr\/?page_id=6647"]}]},{"@type":"ImageObject","inLanguage":"fr-FR","@id":"https:\/\/leasia.fr\/?page_id=6647#primaryimage","url":"https:\/\/i0.wp.com\/leasia.fr\/wp-content\/uploads\/2022\/04\/La-location-financiere.jpg?fit=1200%2C1200&ssl=1","contentUrl":"https:\/\/i0.wp.com\/leasia.fr\/wp-content\/uploads\/2022\/04\/La-location-financiere.jpg?fit=1200%2C1200&ssl=1","width":1200,"height":1200},{"@type":"WebSite","@id":"https:\/\/leasia.fr\/#website","url":"https:\/\/leasia.fr\/","name":"Leasia","description":"Votre partenaire financier","publisher":{"@id":"https:\/\/leasia.fr\/#organization"},"potentialAction":[{"@type":"SearchAction","target":{"@type":"EntryPoint","urlTemplate":"https:\/\/leasia.fr\/?s={search_term_string}"},"query-input":{"@type":"PropertyValueSpecification","valueRequired":true,"valueName":"search_term_string"}}],"inLanguage":"fr-FR"},{"@type":"Organization","@id":"https:\/\/leasia.fr\/#organization","name":"Leasia","url":"https:\/\/leasia.fr\/","logo":{"@type":"ImageObject","inLanguage":"fr-FR","@id":"https:\/\/leasia.fr\/#\/schema\/logo\/image\/","url":"https:\/\/i0.wp.com\/leasia.fr\/wp-content\/uploads\/2023\/01\/image005.jpg?fit=45%2C45&ssl=1","contentUrl":"https:\/\/i0.wp.com\/leasia.fr\/wp-content\/uploads\/2023\/01\/image005.jpg?fit=45%2C45&ssl=1","width":45,"height":45,"caption":"Leasia"},"image":{"@id":"https:\/\/leasia.fr\/#\/schema\/logo\/image\/"},"sameAs":["https:\/\/www.facebook.com\/LeasiaSAS\/","https:\/\/www.linkedin.com\/company\/leasia\/?originalSubdomain=fr"]}]}},"jetpack_shortlink":"https:\/\/wp.me\/P9IR2y-1Jd","jetpack_sharing_enabled":true,"_links":{"self":[{"href":"https:\/\/leasia.fr\/index.php?rest_route=\/wp\/v2\/pages\/6647","targetHints":{"allow":["GET"]}}],"collection":[{"href":"https:\/\/leasia.fr\/index.php?rest_route=\/wp\/v2\/pages"}],"about":[{"href":"https:\/\/leasia.fr\/index.php?rest_route=\/wp\/v2\/types\/page"}],"author":[{"embeddable":true,"href":"https:\/\/leasia.fr\/index.php?rest_route=\/wp\/v2\/users\/1"}],"replies":[{"embeddable":true,"href":"https:\/\/leasia.fr\/index.php?rest_route=%2Fwp%2Fv2%2Fcomments&post=6647"}],"version-history":[{"count":23,"href":"https:\/\/leasia.fr\/index.php?rest_route=\/wp\/v2\/pages\/6647\/revisions"}],"predecessor-version":[{"id":9412,"href":"https:\/\/leasia.fr\/index.php?rest_route=\/wp\/v2\/pages\/6647\/revisions\/9412"}],"wp:attachment":[{"href":"https:\/\/leasia.fr\/index.php?rest_route=%2Fwp%2Fv2%2Fmedia&parent=6647"}],"curies":[{"name":"wp","href":"https:\/\/api.w.org\/{rel}","templated":true}]}}